{"id":5887,"date":"2023-07-13T08:16:44","date_gmt":"2023-07-13T08:16:44","guid":{"rendered":"https:\/\/lifealignmentstore.com\/about\/"},"modified":"2023-07-13T08:23:00","modified_gmt":"2023-07-13T08:23:00","slug":"about","status":"publish","type":"page","link":"https:\/\/lifealignmentstore.com\/de\/about\/","title":{"rendered":"About"},"content":{"rendered":"\t\t<div data-elementor-type=\"wp-page\" data-elementor-id=\"5887\" class=\"elementor elementor-5887\" data-elementor-post-type=\"page\">\n\t\t\t\t\t\t<section class=\"elementor-section elementor-top-section elementor-element elementor-element-f6f5743 elementor-section-height-min-height elementor-section-content-bottom elementor-section-full_width elementor-section-height-default elementor-section-items-middle\" data-id=\"f6f5743\" data-element_type=\"section\" data-settings=\"{&quot;background_background&quot;:&quot;classic&quot;}\">\n\t\t\t\t\t\t\t<div class=\"elementor-background-overlay\"><\/div>\n\t\t\t\t\t\t\t<div class=\"elementor-container elementor-column-gap-default\">\n\t\t\t\t\t<div class=\"elementor-column elementor-col-50 elementor-top-column elementor-element elementor-element-e05a9a8\" data-id=\"e05a9a8\" data-element_type=\"column\">\n\t\t\t<div class=\"elementor-widget-wrap elementor-element-populated\">\n\t\t\t\t\t\t<div class=\"elementor-element elementor-element-51750d1 elementor-widget elementor-widget-spacer\" data-id=\"51750d1\" data-element_type=\"widget\" data-widget_type=\"spacer.default\">\n\t\t\t\t<div class=\"elementor-widget-container\">\n\t\t\t\t\t<div class=\"elementor-spacer\">\n\t\t\t<div class=\"elementor-spacer-inner\"><\/div>\n\t\t<\/div>\n\t\t\t\t<\/div>\n\t\t\t\t<\/div>\n\t\t\t\t\t<\/div>\n\t\t<\/div>\n\t\t\t\t<div class=\"elementor-column elementor-col-50 elementor-top-column elementor-element elementor-element-7b9ecb5\" data-id=\"7b9ecb5\" data-element_type=\"column\">\n\t\t\t<div class=\"elementor-widget-wrap elementor-element-populated\">\n\t\t\t\t\t\t<div class=\"elementor-element elementor-element-ca17907 elementor-widget elementor-widget-heading\" data-id=\"ca17907\" data-element_type=\"widget\" data-widget_type=\"heading.default\">\n\t\t\t\t<div class=\"elementor-widget-container\">\n\t\t\t<h2 class=\"elementor-heading-title elementor-size-default\">Jeff Levin DNM<\/h2>\t\t<\/div>\n\t\t\t\t<\/div>\n\t\t\t\t<div class=\"elementor-element elementor-element-fa29f7c elementor-widget elementor-widget-image\" data-id=\"fa29f7c\" data-element_type=\"widget\" data-widget_type=\"image.default\">\n\t\t\t\t<div class=\"elementor-widget-container\">\n\t\t\t\t\t\t\t\t\t\t\t\t\t<img decoding=\"async\" width=\"504\" height=\"10\" src=\"https:\/\/lifealignmentstore.com\/wp-content\/uploads\/2020\/02\/sub.png\" class=\"attachment-large size-large wp-image-694\" alt=\"\" srcset=\"https:\/\/lifealignmentstore.com\/wp-content\/uploads\/2020\/02\/sub.png 504w, https:\/\/lifealignmentstore.com\/wp-content\/uploads\/2020\/02\/sub-300x6.png 300w\" sizes=\"(max-width: 504px) 100vw, 504px\" \/>\t\t\t\t\t\t\t\t\t\t\t\t\t<\/div>\n\t\t\t\t<\/div>\n\t\t\t\t<div class=\"elementor-element elementor-element-bf4aaa6 elementor-widget elementor-widget-text-editor\" data-id=\"bf4aaa6\" data-element_type=\"widget\" data-widget_type=\"text-editor.default\">\n\t\t\t\t<div class=\"elementor-widget-container\">\n\t\t\t\t\t\t\t<p>Life Alignment Founder<\/p>\t\t\t\t\t\t<\/div>\n\t\t\t\t<\/div>\n\t\t\t\t\t<\/div>\n\t\t<\/div>\n\t\t\t\t\t<\/div>\n\t\t<\/section>\n\t\t\t\t<section class=\"elementor-section elementor-top-section elementor-element elementor-element-53f22b9 elementor-section-boxed elementor-section-height-default elementor-section-height-default\" data-id=\"53f22b9\" data-element_type=\"section\" data-settings=\"{&quot;background_background&quot;:&quot;classic&quot;}\">\n\t\t\t\t\t\t<div class=\"elementor-container elementor-column-gap-default\">\n\t\t\t\t\t<div class=\"elementor-column elementor-col-100 elementor-top-column elementor-element elementor-element-075d4d4\" data-id=\"075d4d4\" data-element_type=\"column\" data-settings=\"{&quot;motion_fx_motion_fx_scrolling&quot;:&quot;yes&quot;,&quot;motion_fx_devices&quot;:[&quot;desktop&quot;,&quot;tablet&quot;,&quot;mobile&quot;]}\">\n\t\t\t<div class=\"elementor-widget-wrap elementor-element-populated\">\n\t\t\t\t\t\t<div class=\"elementor-element elementor-element-e80fc3e elementor-widget elementor-widget-text-editor\" data-id=\"e80fc3e\" data-element_type=\"widget\" data-widget_type=\"text-editor.default\">\n\t\t\t\t<div class=\"elementor-widget-container\">\n\t\t\t\t\t\t\t<p>VERTRAUEN \u2013 INTUITION \u2013 LIEBE<\/p>\t\t\t\t\t\t<\/div>\n\t\t\t\t<\/div>\n\t\t\t\t<div class=\"elementor-element elementor-element-f2f9250 elementor-widget elementor-widget-image\" data-id=\"f2f9250\" data-element_type=\"widget\" data-widget_type=\"image.default\">\n\t\t\t\t<div class=\"elementor-widget-container\">\n\t\t\t\t\t\t\t\t\t\t\t\t\t<img decoding=\"async\" width=\"504\" height=\"10\" src=\"https:\/\/lifealignmentstore.com\/wp-content\/uploads\/2020\/02\/sub.png\" class=\"attachment-large size-large wp-image-694\" alt=\"\" srcset=\"https:\/\/lifealignmentstore.com\/wp-content\/uploads\/2020\/02\/sub.png 504w, https:\/\/lifealignmentstore.com\/wp-content\/uploads\/2020\/02\/sub-300x6.png 300w\" sizes=\"(max-width: 504px) 100vw, 504px\" \/>\t\t\t\t\t\t\t\t\t\t\t\t\t<\/div>\n\t\t\t\t<\/div>\n\t\t\t\t<div class=\"elementor-element elementor-element-340a1dd elementor-widget elementor-widget-text-editor\" data-id=\"340a1dd\" data-element_type=\"widget\" data-widget_type=\"text-editor.default\">\n\t\t\t\t<div class=\"elementor-widget-container\">\n\t\t\t\t\t\t\t<p>Schon als Kind hatte ich ein <b>gro\u00dfes Interesse und ein erweitertes Bewusstsein daf\u00fcr, dass alles Energie ist und eine Wirkung hat.<\/b> <br \/>Nach mehreren harten Trainings w\u00e4hrend der milit\u00e4rischen Ausbildung als junger Mann in Israel wurde ich sehr krank und hatte ca. 25 Jahre lang gesundheitliche Probleme.<br \/>Zun\u00e4chst probierte ich verschiedene Wege aus, mich auf konventionelle Weise zu heilen. Doch das half bei mir nicht.<\/p><p><b>Also fokussierte ich mich auf die Arbeit mit Energie<\/b>. Zu der Zeit war ich ein erfolgreicher Architekt und gleichzeitig <b>sehr inspiriert, Menschen dabei zu helfen, sich auf energetische Weise zu heilen<\/b>. Dabei wusste ich zun\u00e4chst nichts \u00fcber energetisches Heilen, sondern folgte einer inneren F\u00fchrung, die mich intuitiv zu vielen wunderbaren Erfahrungen f\u00fchrte.<\/p><p>Sp\u00e4ter zog ich nach Kanada, wo ich viele verschiedene Gesundheits- und Heiltechniken, wie Kinesiologie, Akupunktur und Ern\u00e4hrung studierte.\u00a0<\/p><p>Ich habe ein holistisches Zentrum in Toronto er\u00f6ffnet, in dem viele \u00c4rzte zusammenarbeiteten. Dar\u00fcber hinaus gr\u00fcndete ich ein Zentrum, in dem Leute aus aller Welt f\u00fcr Detox- bzw. Entgiftungs-Retreats zusammenkamen. <b>Wieder rein intuitiv begann ich in dieser Zeit, die Grundlagen von Life Alignment \u00fcber mein h\u00f6heres Bewusstsein zu empfangen und in die Retreat-Programme einzubeziehen.\u00a0<\/b><\/p><p>Die Reaktionen waren so gewaltig und positiv, dass die Leute mich baten, ihnen beizubringen, was ich tue. Ich war jedoch nicht in der Lage dazu, da ich ja intuitiv arbeitete. Mein tiefer Wunsch zu lehren wuchs jedoch, und ich wurde dazu geleitet, in einen mehrt\u00e4gigen R\u00fcckzug zu gehen. Innerhalb von einigen Tagen tiefer Meditation habe ich das Lehrsystem \u2018heruntergeladen&#8216;, das wir damals Body Alignment nannten.<\/p><p>Ich begann diese Technik bei Klienten anzuwenden und war total erstaunt \u00fcber die immense Kraft, die diesem System innewohnt. Nach einigen Monaten &#8211; 1991 &#8211; war ich in der Lage, ein Trainingsmodul zusammenzustellen und ersten Studenten das Modul 1 zu unterrichten.<\/p><p><b>Im Laufe der Jahre kamen auf intuitive Weise immer mehr Informationen hinzu, weitere Module und die Vortex -Technologie.<\/b><\/p><p>Life Alignment und die globale Verbreitung dieses Systems der Heilung und Transformation ist meine Lebensaufgabe.<\/p><p>\u00a0<\/p>\t\t\t\t\t\t<\/div>\n\t\t\t\t<\/div>\n\t\t\t\t\t<\/div>\n\t\t<\/div>\n\t\t\t\t\t<\/div>\n\t\t<\/section>\n\t\t\t\t<section class=\"elementor-section elementor-top-section elementor-element elementor-element-1e7752f elementor-section-boxed elementor-section-height-default elementor-section-height-default\" data-id=\"1e7752f\" data-element_type=\"section\">\n\t\t\t\t\t\t<div class=\"elementor-container elementor-column-gap-default\">\n\t\t\t\t\t<div class=\"elementor-column elementor-col-100 elementor-top-column elementor-element elementor-element-8f1fc0c\" data-id=\"8f1fc0c\" data-element_type=\"column\">\n\t\t\t<div class=\"elementor-widget-wrap\">\n\t\t\t\t\t\t\t<\/div>\n\t\t<\/div>\n\t\t\t\t\t<\/div>\n\t\t<\/section>\n\t\t\t\t<\/div>\n\t\t","protected":false},"excerpt":{"rendered":"<p>Jeff Levin DNM Life Alignment Founder VERTRAUEN \u2013 INTUITION \u2013 LIEBE Schon als Kind hatte ich ein gro\u00dfes Interesse und ein erweitertes Bewusstsein daf\u00fcr, dass alles Energie ist und eine Wirkung hat. Nach mehreren harten Trainings w\u00e4hrend der milit\u00e4rischen Ausbildung als junger Mann in Israel wurde ich sehr krank und hatte ca. 25 Jahre lang [&hellip;]<\/p>\n","protected":false},"author":1,"featured_media":0,"parent":0,"menu_order":0,"comment_status":"closed","ping_status":"closed","template":"elementor_header_footer","meta":[],"acf":[],"yoast_head":"<!-- This site is optimized with the Yoast SEO plugin v20.11 - https:\/\/yoast.com\/wordpress\/plugins\/seo\/ -->\n<title>About - Life Alignment<\/title>\n<meta name=\"robots\" content=\"index, follow, max-snippet:-1, max-image-preview:large, max-video-preview:-1\" \/>\n<link rel=\"canonical\" href=\"https:\/\/lifealignmentstore.com\/de\/about\/\" \/>\n<meta property=\"og:locale\" content=\"de_DE\" \/>\n<meta property=\"og:type\" content=\"article\" \/>\n<meta property=\"og:title\" content=\"About - Life Alignment\" \/>\n<meta property=\"og:description\" content=\"Jeff Levin DNM Life Alignment Founder VERTRAUEN \u2013 INTUITION \u2013 LIEBE Schon als Kind hatte ich ein gro\u00dfes Interesse und ein erweitertes Bewusstsein daf\u00fcr, dass alles Energie ist und eine Wirkung hat. Nach mehreren harten Trainings w\u00e4hrend der milit\u00e4rischen Ausbildung als junger Mann in Israel wurde ich sehr krank und hatte ca. 25 Jahre lang [&hellip;]\" \/>\n<meta property=\"og:url\" content=\"https:\/\/lifealignmentstore.com\/de\/about\/\" \/>\n<meta property=\"og:site_name\" content=\"Life Alignment\" \/>\n<meta property=\"article:modified_time\" content=\"2023-07-13T08:23:00+00:00\" \/>\n<meta property=\"og:image\" content=\"https:\/\/lifealignmentstore.com\/wp-content\/uploads\/2020\/02\/sub.png\" \/>\n<meta name=\"twitter:card\" content=\"summary_large_image\" \/>\n<meta name=\"twitter:label1\" content=\"Gesch\u00e4tzte Lesezeit\" \/>\n\t<meta name=\"twitter:data1\" content=\"2\u00a0Minuten\" \/>\n<script type=\"application\/ld+json\" class=\"yoast-schema-graph\">{\"@context\":\"https:\/\/schema.org\",\"@graph\":[{\"@type\":\"WebPage\",\"@id\":\"https:\/\/lifealignmentstore.com\/de\/about\/\",\"url\":\"https:\/\/lifealignmentstore.com\/de\/about\/\",\"name\":\"About - Life Alignment\",\"isPartOf\":{\"@id\":\"https:\/\/lifealignmentstore.com\/#website\"},\"datePublished\":\"2023-07-13T08:16:44+00:00\",\"dateModified\":\"2023-07-13T08:23:00+00:00\",\"breadcrumb\":{\"@id\":\"https:\/\/lifealignmentstore.com\/de\/about\/#breadcrumb\"},\"inLanguage\":\"de\",\"potentialAction\":[{\"@type\":\"ReadAction\",\"target\":[\"https:\/\/lifealignmentstore.com\/de\/about\/\"]}]},{\"@type\":\"BreadcrumbList\",\"@id\":\"https:\/\/lifealignmentstore.com\/de\/about\/#breadcrumb\",\"itemListElement\":[{\"@type\":\"ListItem\",\"position\":1,\"name\":\"Home\",\"item\":\"https:\/\/lifealignmentstore.com\/de\/\"},{\"@type\":\"ListItem\",\"position\":2,\"name\":\"About\"}]},{\"@type\":\"WebSite\",\"@id\":\"https:\/\/lifealignmentstore.com\/#website\",\"url\":\"https:\/\/lifealignmentstore.com\/\",\"name\":\"Life Alignment\",\"description\":\"\",\"publisher\":{\"@id\":\"https:\/\/lifealignmentstore.com\/#organization\"},\"potentialAction\":[{\"@type\":\"SearchAction\",\"target\":{\"@type\":\"EntryPoint\",\"urlTemplate\":\"https:\/\/lifealignmentstore.com\/?s={search_term_string}\"},\"query-input\":\"required name=search_term_string\"}],\"inLanguage\":\"de\"},{\"@type\":\"Organization\",\"@id\":\"https:\/\/lifealignmentstore.com\/#organization\",\"name\":\"Life Alignment\",\"url\":\"https:\/\/lifealignmentstore.com\/\",\"logo\":{\"@type\":\"ImageObject\",\"inLanguage\":\"de\",\"@id\":\"https:\/\/lifealignmentstore.com\/#\/schema\/logo\/image\/\",\"url\":\"https:\/\/lifealignmentstore.com\/wp-content\/uploads\/2020\/01\/LifeAlignment_Logo_2020.png\",\"contentUrl\":\"https:\/\/lifealignmentstore.com\/wp-content\/uploads\/2020\/01\/LifeAlignment_Logo_2020.png\",\"width\":2548,\"height\":675,\"caption\":\"Life Alignment\"},\"image\":{\"@id\":\"https:\/\/lifealignmentstore.com\/#\/schema\/logo\/image\/\"}}]}<\/script>\n<!-- \/ Yoast SEO plugin. -->","yoast_head_json":{"title":"About - Life Alignment","robots":{"index":"index","follow":"follow","max-snippet":"max-snippet:-1","max-image-preview":"max-image-preview:large","max-video-preview":"max-video-preview:-1"},"canonical":"https:\/\/lifealignmentstore.com\/de\/about\/","og_locale":"de_DE","og_type":"article","og_title":"About - Life Alignment","og_description":"Jeff Levin DNM Life Alignment Founder VERTRAUEN \u2013 INTUITION \u2013 LIEBE Schon als Kind hatte ich ein gro\u00dfes Interesse und ein erweitertes Bewusstsein daf\u00fcr, dass alles Energie ist und eine Wirkung hat. Nach mehreren harten Trainings w\u00e4hrend der milit\u00e4rischen Ausbildung als junger Mann in Israel wurde ich sehr krank und hatte ca. 25 Jahre lang [&hellip;]","og_url":"https:\/\/lifealignmentstore.com\/de\/about\/","og_site_name":"Life Alignment","article_modified_time":"2023-07-13T08:23:00+00:00","og_image":[{"url":"https:\/\/lifealignmentstore.com\/wp-content\/uploads\/2020\/02\/sub.png"}],"twitter_card":"summary_large_image","twitter_misc":{"Gesch\u00e4tzte Lesezeit":"2\u00a0Minuten"},"schema":{"@context":"https:\/\/schema.org","@graph":[{"@type":"WebPage","@id":"https:\/\/lifealignmentstore.com\/de\/about\/","url":"https:\/\/lifealignmentstore.com\/de\/about\/","name":"About - Life Alignment","isPartOf":{"@id":"https:\/\/lifealignmentstore.com\/#website"},"datePublished":"2023-07-13T08:16:44+00:00","dateModified":"2023-07-13T08:23:00+00:00","breadcrumb":{"@id":"https:\/\/lifealignmentstore.com\/de\/about\/#breadcrumb"},"inLanguage":"de","potentialAction":[{"@type":"ReadAction","target":["https:\/\/lifealignmentstore.com\/de\/about\/"]}]},{"@type":"BreadcrumbList","@id":"https:\/\/lifealignmentstore.com\/de\/about\/#breadcrumb","itemListElement":[{"@type":"ListItem","position":1,"name":"Home","item":"https:\/\/lifealignmentstore.com\/de\/"},{"@type":"ListItem","position":2,"name":"About"}]},{"@type":"WebSite","@id":"https:\/\/lifealignmentstore.com\/#website","url":"https:\/\/lifealignmentstore.com\/","name":"Life Alignment","description":"","publisher":{"@id":"https:\/\/lifealignmentstore.com\/#organization"},"potentialAction":[{"@type":"SearchAction","target":{"@type":"EntryPoint","urlTemplate":"https:\/\/lifealignmentstore.com\/?s={search_term_string}"},"query-input":"required name=search_term_string"}],"inLanguage":"de"},{"@type":"Organization","@id":"https:\/\/lifealignmentstore.com\/#organization","name":"Life Alignment","url":"https:\/\/lifealignmentstore.com\/","logo":{"@type":"ImageObject","inLanguage":"de","@id":"https:\/\/lifealignmentstore.com\/#\/schema\/logo\/image\/","url":"https:\/\/lifealignmentstore.com\/wp-content\/uploads\/2020\/01\/LifeAlignment_Logo_2020.png","contentUrl":"https:\/\/lifealignmentstore.com\/wp-content\/uploads\/2020\/01\/LifeAlignment_Logo_2020.png","width":2548,"height":675,"caption":"Life Alignment"},"image":{"@id":"https:\/\/lifealignmentstore.com\/#\/schema\/logo\/image\/"}}]}},"_links":{"self":[{"href":"https:\/\/lifealignmentstore.com\/de\/wp-json\/wp\/v2\/pages\/5887"}],"collection":[{"href":"https:\/\/lifealignmentstore.com\/de\/wp-json\/wp\/v2\/pages"}],"about":[{"href":"https:\/\/lifealignmentstore.com\/de\/wp-json\/wp\/v2\/types\/page"}],"author":[{"embeddable":true,"href":"https:\/\/lifealignmentstore.com\/de\/wp-json\/wp\/v2\/users\/1"}],"replies":[{"embeddable":true,"href":"https:\/\/lifealignmentstore.com\/de\/wp-json\/wp\/v2\/comments?post=5887"}],"version-history":[{"count":3,"href":"https:\/\/lifealignmentstore.com\/de\/wp-json\/wp\/v2\/pages\/5887\/revisions"}],"predecessor-version":[{"id":5890,"href":"https:\/\/lifealignmentstore.com\/de\/wp-json\/wp\/v2\/pages\/5887\/revisions\/5890"}],"wp:attachment":[{"href":"https:\/\/lifealignmentstore.com\/de\/wp-json\/wp\/v2\/media?parent=5887"}],"curies":[{"name":"wp","href":"https:\/\/api.w.org\/{rel}","templated":true}]}}