{"id":6631,"date":"2024-03-29T17:40:04","date_gmt":"2024-03-29T17:40:04","guid":{"rendered":"https:\/\/lifealignmentstore.com\/about\/"},"modified":"2024-03-29T17:41:09","modified_gmt":"2024-03-29T17:41:09","slug":"about","status":"publish","type":"page","link":"https:\/\/lifealignmentstore.com\/no\/about\/","title":{"rendered":"About"},"content":{"rendered":"\t\t<div data-elementor-type=\"wp-page\" data-elementor-id=\"6631\" class=\"elementor elementor-6631\" data-elementor-post-type=\"page\">\n\t\t\t\t\t\t<section class=\"elementor-section elementor-top-section elementor-element elementor-element-f6f5743 elementor-section-height-min-height elementor-section-content-bottom elementor-section-full_width elementor-section-height-default elementor-section-items-middle\" data-id=\"f6f5743\" data-element_type=\"section\" data-settings=\"{&quot;background_background&quot;:&quot;classic&quot;}\">\n\t\t\t\t\t\t\t<div class=\"elementor-background-overlay\"><\/div>\n\t\t\t\t\t\t\t<div class=\"elementor-container elementor-column-gap-default\">\n\t\t\t\t\t<div class=\"elementor-column elementor-col-50 elementor-top-column elementor-element elementor-element-e05a9a8\" data-id=\"e05a9a8\" data-element_type=\"column\">\n\t\t\t<div class=\"elementor-widget-wrap elementor-element-populated\">\n\t\t\t\t\t\t<div class=\"elementor-element elementor-element-51750d1 elementor-widget elementor-widget-spacer\" data-id=\"51750d1\" data-element_type=\"widget\" data-widget_type=\"spacer.default\">\n\t\t\t\t<div class=\"elementor-widget-container\">\n\t\t\t\t\t<div class=\"elementor-spacer\">\n\t\t\t<div class=\"elementor-spacer-inner\"><\/div>\n\t\t<\/div>\n\t\t\t\t<\/div>\n\t\t\t\t<\/div>\n\t\t\t\t\t<\/div>\n\t\t<\/div>\n\t\t\t\t<div class=\"elementor-column elementor-col-50 elementor-top-column elementor-element elementor-element-7b9ecb5\" data-id=\"7b9ecb5\" data-element_type=\"column\">\n\t\t\t<div class=\"elementor-widget-wrap elementor-element-populated\">\n\t\t\t\t\t\t<div class=\"elementor-element elementor-element-ca17907 elementor-widget elementor-widget-heading\" data-id=\"ca17907\" data-element_type=\"widget\" data-widget_type=\"heading.default\">\n\t\t\t\t<div class=\"elementor-widget-container\">\n\t\t\t<h2 class=\"elementor-heading-title elementor-size-default\">Jeff Levin DNM<\/h2>\t\t<\/div>\n\t\t\t\t<\/div>\n\t\t\t\t<div class=\"elementor-element elementor-element-fa29f7c elementor-widget elementor-widget-image\" data-id=\"fa29f7c\" data-element_type=\"widget\" data-widget_type=\"image.default\">\n\t\t\t\t<div class=\"elementor-widget-container\">\n\t\t\t\t\t\t\t\t\t\t\t\t\t<img decoding=\"async\" width=\"504\" height=\"10\" src=\"https:\/\/lifealignmentstore.com\/wp-content\/uploads\/2020\/02\/sub.png\" class=\"attachment-large size-large wp-image-694\" alt=\"\" srcset=\"https:\/\/lifealignmentstore.com\/wp-content\/uploads\/2020\/02\/sub.png 504w, https:\/\/lifealignmentstore.com\/wp-content\/uploads\/2020\/02\/sub-300x6.png 300w\" sizes=\"(max-width: 504px) 100vw, 504px\" \/>\t\t\t\t\t\t\t\t\t\t\t\t\t<\/div>\n\t\t\t\t<\/div>\n\t\t\t\t<div class=\"elementor-element elementor-element-bf4aaa6 elementor-widget elementor-widget-text-editor\" data-id=\"bf4aaa6\" data-element_type=\"widget\" data-widget_type=\"text-editor.default\">\n\t\t\t\t<div class=\"elementor-widget-container\">\n\t\t\t\t\t\t\t<p>Life Alignment Founder<\/p>\t\t\t\t\t\t<\/div>\n\t\t\t\t<\/div>\n\t\t\t\t\t<\/div>\n\t\t<\/div>\n\t\t\t\t\t<\/div>\n\t\t<\/section>\n\t\t\t\t<section class=\"elementor-section elementor-top-section elementor-element elementor-element-53f22b9 elementor-section-boxed elementor-section-height-default elementor-section-height-default\" data-id=\"53f22b9\" data-element_type=\"section\" data-settings=\"{&quot;background_background&quot;:&quot;classic&quot;}\">\n\t\t\t\t\t\t<div class=\"elementor-container elementor-column-gap-default\">\n\t\t\t\t\t<div class=\"elementor-column elementor-col-100 elementor-top-column elementor-element elementor-element-075d4d4\" data-id=\"075d4d4\" data-element_type=\"column\" data-settings=\"{&quot;motion_fx_motion_fx_scrolling&quot;:&quot;yes&quot;,&quot;motion_fx_devices&quot;:[&quot;desktop&quot;,&quot;tablet&quot;,&quot;mobile&quot;]}\">\n\t\t\t<div class=\"elementor-widget-wrap elementor-element-populated\">\n\t\t\t\t\t\t<div class=\"elementor-element elementor-element-e80fc3e elementor-widget elementor-widget-text-editor\" data-id=\"e80fc3e\" data-element_type=\"widget\" data-widget_type=\"text-editor.default\">\n\t\t\t\t<div class=\"elementor-widget-container\">\n\t\t\t\t\t\t\t<p>TRUST, INTUITION, LOVE<\/p>\t\t\t\t\t\t<\/div>\n\t\t\t\t<\/div>\n\t\t\t\t<div class=\"elementor-element elementor-element-f2f9250 elementor-widget elementor-widget-image\" data-id=\"f2f9250\" data-element_type=\"widget\" data-widget_type=\"image.default\">\n\t\t\t\t<div class=\"elementor-widget-container\">\n\t\t\t\t\t\t\t\t\t\t\t\t\t<img decoding=\"async\" width=\"504\" height=\"10\" src=\"https:\/\/lifealignmentstore.com\/wp-content\/uploads\/2020\/02\/sub.png\" class=\"attachment-large size-large wp-image-694\" alt=\"\" srcset=\"https:\/\/lifealignmentstore.com\/wp-content\/uploads\/2020\/02\/sub.png 504w, https:\/\/lifealignmentstore.com\/wp-content\/uploads\/2020\/02\/sub-300x6.png 300w\" sizes=\"(max-width: 504px) 100vw, 504px\" \/>\t\t\t\t\t\t\t\t\t\t\t\t\t<\/div>\n\t\t\t\t<\/div>\n\t\t\t\t<div class=\"elementor-element elementor-element-340a1dd elementor-widget elementor-widget-text-editor\" data-id=\"340a1dd\" data-element_type=\"widget\" data-widget_type=\"text-editor.default\">\n\t\t\t\t<div class=\"elementor-widget-container\">\n\t\t\t\t\t\t\t<p>Allerede som barn\u00a0<b>hadde jeg interesse og en viss forst\u00e5else for dette vi kaller energifelt<\/b>. Etter en st\u00f8rre skade under trening i milit\u00e6ret ble jeg alvorlig syk i over 25 \u00e5r. F\u00f8rst pr\u00f8vde jeg \u00e5 bli frisk ved hjelp av det som tradisjonell, vestlig medisin kunne tilby. Det fungerte imidlertid ikke for meg.<\/p><p><b>S\u00e5 jeg begynte \u00e5 arbeide med energi<\/b>\u00a0og fors\u00f8kte meg p\u00e5 healing, noe jeg tidlig hadde fattet interesse for. Jeg arbeidet da som arkitekt, men brukte mye av fritiden min\u00a0<b>til \u00e5 hjelpe folk energetisk<\/b>. Jeg visste s\u00e5 og si ingenting om energiheling p\u00e5 den tiden, men en indre veiledning hjalp meg i gang, og det f\u00f8rte til mange enest\u00e5ende opplevelser.<\/p><p>Senere flyttet jeg til Canada, hvor jeg studerte helsefremmende systemer som kinesiologi, akupunktur og ern\u00e6ring. Etter hvert \u00e5pnet jeg et holistisk senter i Toronto i samarbeid med andre terapeuter. Jeg etablerte ogs\u00e5 et senter for rensing og detox, og det tiltrakk bes\u00f8kende fra hele verden.\u00a0<b>Under denne perioden begynte bevisstheten min intuitivt \u00e5 motta spirene til det som har blitt Life Alignment.<\/b><\/p><p>Responsen ble overveldende, og folk begynte \u00e5 be meg om l\u00e6re bort dette nye. Det ble vanskelig, da jeg arbeidet rent intuitivt. Men trangen til \u00e5 undervise vokste seg sterkere. P\u00e5 et tidspunkt ble jeg ledet til en retreat, og\u00a0<b><i>i l\u00f8pet av flere dager i dyp meditasjon \u201clastet jeg ned\u201d undervisningssystemet og det som vi den gang kalte Body Alignment<\/i><\/b>.<\/p><p><b>Systemet besto av en rekke punkter p\u00e5 kroppen \u2013 som var energetisk koblet til organer, kjertler og kroppssystemer \u2013 og en metode \u00e5 arbeide med dem p\u00e5<\/b>. Dette var helt annerledes enn noe annet jeg hadde v\u00e6rt borte i, og jeg kunne ikke begripe hvor informasjonen kom fra.<\/p><p>Jeg begynte \u00e5 bruke teknikken p\u00e5 klienter, og ble overrasket over kraften som l\u00e5 i behandlingsformen. Etter et par m\u00e5neder klarte jeg \u00e5 sette sammen en studiemanual. I 1991 var jeg klar for \u00e5 undervise elevene som hadde ventet p\u00e5 det som den gang var modul 1 i Body Alignment.\u00a0<b>Gjennom \u00e5renes l\u00f8p har det jevnlig kommet mer intuitiv informasjon \u2013 i form av hele moduler og det vi har valgt \u00e5 kalle vortex-teknologi.<\/b><\/p><p>Life Alignment var f\u00f8dt, og med det startet livsoppgaven min med \u00e5 spre det ut i verden \u2026<\/p>\t\t\t\t\t\t<\/div>\n\t\t\t\t<\/div>\n\t\t\t\t\t<\/div>\n\t\t<\/div>\n\t\t\t\t\t<\/div>\n\t\t<\/section>\n\t\t\t\t<section class=\"elementor-section elementor-top-section elementor-element elementor-element-1e7752f elementor-section-boxed elementor-section-height-default elementor-section-height-default\" data-id=\"1e7752f\" data-element_type=\"section\">\n\t\t\t\t\t\t<div class=\"elementor-container elementor-column-gap-default\">\n\t\t\t\t\t<div class=\"elementor-column elementor-col-100 elementor-top-column elementor-element elementor-element-8f1fc0c\" data-id=\"8f1fc0c\" data-element_type=\"column\">\n\t\t\t<div class=\"elementor-widget-wrap\">\n\t\t\t\t\t\t\t<\/div>\n\t\t<\/div>\n\t\t\t\t\t<\/div>\n\t\t<\/section>\n\t\t\t\t<\/div>\n\t\t","protected":false},"excerpt":{"rendered":"<p>Jeff Levin DNM Life Alignment Founder TRUST, INTUITION, LOVE Allerede som barn\u00a0hadde jeg interesse og en viss forst\u00e5else for dette vi kaller energifelt. Etter en st\u00f8rre skade under trening i milit\u00e6ret ble jeg alvorlig syk i over 25 \u00e5r. F\u00f8rst pr\u00f8vde jeg \u00e5 bli frisk ved hjelp av det som tradisjonell, vestlig medisin kunne tilby. [&hellip;]<\/p>\n","protected":false},"author":1,"featured_media":0,"parent":0,"menu_order":0,"comment_status":"closed","ping_status":"closed","template":"elementor_header_footer","meta":[],"acf":[],"yoast_head":"<!-- This site is optimized with the Yoast SEO plugin v20.11 - https:\/\/yoast.com\/wordpress\/plugins\/seo\/ -->\n<title>About - Life Alignment<\/title>\n<meta name=\"robots\" content=\"index, follow, max-snippet:-1, max-image-preview:large, max-video-preview:-1\" \/>\n<link rel=\"canonical\" href=\"https:\/\/lifealignmentstore.com\/no\/about\/\" \/>\n<meta property=\"og:locale\" content=\"nb_NO\" \/>\n<meta property=\"og:type\" content=\"article\" \/>\n<meta property=\"og:title\" content=\"About - Life Alignment\" \/>\n<meta property=\"og:description\" content=\"Jeff Levin DNM Life Alignment Founder TRUST, INTUITION, LOVE Allerede som barn\u00a0hadde jeg interesse og en viss forst\u00e5else for dette vi kaller energifelt. Etter en st\u00f8rre skade under trening i milit\u00e6ret ble jeg alvorlig syk i over 25 \u00e5r. F\u00f8rst pr\u00f8vde jeg \u00e5 bli frisk ved hjelp av det som tradisjonell, vestlig medisin kunne tilby. [&hellip;]\" \/>\n<meta property=\"og:url\" content=\"https:\/\/lifealignmentstore.com\/no\/about\/\" \/>\n<meta property=\"og:site_name\" content=\"Life Alignment\" \/>\n<meta property=\"article:modified_time\" content=\"2024-03-29T17:41:09+00:00\" \/>\n<meta property=\"og:image\" content=\"https:\/\/lifealignmentstore.com\/wp-content\/uploads\/2020\/02\/sub.png\" \/>\n<meta name=\"twitter:card\" content=\"summary_large_image\" \/>\n<meta name=\"twitter:label1\" content=\"Ansl. lesetid\" \/>\n\t<meta name=\"twitter:data1\" content=\"3 minutter\" \/>\n<script type=\"application\/ld+json\" class=\"yoast-schema-graph\">{\"@context\":\"https:\/\/schema.org\",\"@graph\":[{\"@type\":\"WebPage\",\"@id\":\"https:\/\/lifealignmentstore.com\/no\/about\/\",\"url\":\"https:\/\/lifealignmentstore.com\/no\/about\/\",\"name\":\"About - Life Alignment\",\"isPartOf\":{\"@id\":\"https:\/\/lifealignmentstore.com\/#website\"},\"datePublished\":\"2024-03-29T17:40:04+00:00\",\"dateModified\":\"2024-03-29T17:41:09+00:00\",\"breadcrumb\":{\"@id\":\"https:\/\/lifealignmentstore.com\/no\/about\/#breadcrumb\"},\"inLanguage\":\"nb-NO\",\"potentialAction\":[{\"@type\":\"ReadAction\",\"target\":[\"https:\/\/lifealignmentstore.com\/no\/about\/\"]}]},{\"@type\":\"BreadcrumbList\",\"@id\":\"https:\/\/lifealignmentstore.com\/no\/about\/#breadcrumb\",\"itemListElement\":[{\"@type\":\"ListItem\",\"position\":1,\"name\":\"Home\",\"item\":\"https:\/\/lifealignmentstore.com\/no\/\"},{\"@type\":\"ListItem\",\"position\":2,\"name\":\"About\"}]},{\"@type\":\"WebSite\",\"@id\":\"https:\/\/lifealignmentstore.com\/#website\",\"url\":\"https:\/\/lifealignmentstore.com\/\",\"name\":\"Life Alignment\",\"description\":\"\",\"publisher\":{\"@id\":\"https:\/\/lifealignmentstore.com\/#organization\"},\"potentialAction\":[{\"@type\":\"SearchAction\",\"target\":{\"@type\":\"EntryPoint\",\"urlTemplate\":\"https:\/\/lifealignmentstore.com\/?s={search_term_string}\"},\"query-input\":\"required name=search_term_string\"}],\"inLanguage\":\"nb-NO\"},{\"@type\":\"Organization\",\"@id\":\"https:\/\/lifealignmentstore.com\/#organization\",\"name\":\"Life Alignment\",\"url\":\"https:\/\/lifealignmentstore.com\/\",\"logo\":{\"@type\":\"ImageObject\",\"inLanguage\":\"nb-NO\",\"@id\":\"https:\/\/lifealignmentstore.com\/#\/schema\/logo\/image\/\",\"url\":\"https:\/\/lifealignmentstore.com\/wp-content\/uploads\/2020\/01\/LifeAlignment_Logo_2020.png\",\"contentUrl\":\"https:\/\/lifealignmentstore.com\/wp-content\/uploads\/2020\/01\/LifeAlignment_Logo_2020.png\",\"width\":2548,\"height\":675,\"caption\":\"Life Alignment\"},\"image\":{\"@id\":\"https:\/\/lifealignmentstore.com\/#\/schema\/logo\/image\/\"}}]}<\/script>\n<!-- \/ Yoast SEO plugin. -->","yoast_head_json":{"title":"About - Life Alignment","robots":{"index":"index","follow":"follow","max-snippet":"max-snippet:-1","max-image-preview":"max-image-preview:large","max-video-preview":"max-video-preview:-1"},"canonical":"https:\/\/lifealignmentstore.com\/no\/about\/","og_locale":"nb_NO","og_type":"article","og_title":"About - Life Alignment","og_description":"Jeff Levin DNM Life Alignment Founder TRUST, INTUITION, LOVE Allerede som barn\u00a0hadde jeg interesse og en viss forst\u00e5else for dette vi kaller energifelt. Etter en st\u00f8rre skade under trening i milit\u00e6ret ble jeg alvorlig syk i over 25 \u00e5r. F\u00f8rst pr\u00f8vde jeg \u00e5 bli frisk ved hjelp av det som tradisjonell, vestlig medisin kunne tilby. [&hellip;]","og_url":"https:\/\/lifealignmentstore.com\/no\/about\/","og_site_name":"Life Alignment","article_modified_time":"2024-03-29T17:41:09+00:00","og_image":[{"url":"https:\/\/lifealignmentstore.com\/wp-content\/uploads\/2020\/02\/sub.png"}],"twitter_card":"summary_large_image","twitter_misc":{"Ansl. lesetid":"3 minutter"},"schema":{"@context":"https:\/\/schema.org","@graph":[{"@type":"WebPage","@id":"https:\/\/lifealignmentstore.com\/no\/about\/","url":"https:\/\/lifealignmentstore.com\/no\/about\/","name":"About - Life Alignment","isPartOf":{"@id":"https:\/\/lifealignmentstore.com\/#website"},"datePublished":"2024-03-29T17:40:04+00:00","dateModified":"2024-03-29T17:41:09+00:00","breadcrumb":{"@id":"https:\/\/lifealignmentstore.com\/no\/about\/#breadcrumb"},"inLanguage":"nb-NO","potentialAction":[{"@type":"ReadAction","target":["https:\/\/lifealignmentstore.com\/no\/about\/"]}]},{"@type":"BreadcrumbList","@id":"https:\/\/lifealignmentstore.com\/no\/about\/#breadcrumb","itemListElement":[{"@type":"ListItem","position":1,"name":"Home","item":"https:\/\/lifealignmentstore.com\/no\/"},{"@type":"ListItem","position":2,"name":"About"}]},{"@type":"WebSite","@id":"https:\/\/lifealignmentstore.com\/#website","url":"https:\/\/lifealignmentstore.com\/","name":"Life Alignment","description":"","publisher":{"@id":"https:\/\/lifealignmentstore.com\/#organization"},"potentialAction":[{"@type":"SearchAction","target":{"@type":"EntryPoint","urlTemplate":"https:\/\/lifealignmentstore.com\/?s={search_term_string}"},"query-input":"required name=search_term_string"}],"inLanguage":"nb-NO"},{"@type":"Organization","@id":"https:\/\/lifealignmentstore.com\/#organization","name":"Life Alignment","url":"https:\/\/lifealignmentstore.com\/","logo":{"@type":"ImageObject","inLanguage":"nb-NO","@id":"https:\/\/lifealignmentstore.com\/#\/schema\/logo\/image\/","url":"https:\/\/lifealignmentstore.com\/wp-content\/uploads\/2020\/01\/LifeAlignment_Logo_2020.png","contentUrl":"https:\/\/lifealignmentstore.com\/wp-content\/uploads\/2020\/01\/LifeAlignment_Logo_2020.png","width":2548,"height":675,"caption":"Life Alignment"},"image":{"@id":"https:\/\/lifealignmentstore.com\/#\/schema\/logo\/image\/"}}]}},"_links":{"self":[{"href":"https:\/\/lifealignmentstore.com\/no\/wp-json\/wp\/v2\/pages\/6631"}],"collection":[{"href":"https:\/\/lifealignmentstore.com\/no\/wp-json\/wp\/v2\/pages"}],"about":[{"href":"https:\/\/lifealignmentstore.com\/no\/wp-json\/wp\/v2\/types\/page"}],"author":[{"embeddable":true,"href":"https:\/\/lifealignmentstore.com\/no\/wp-json\/wp\/v2\/users\/1"}],"replies":[{"embeddable":true,"href":"https:\/\/lifealignmentstore.com\/no\/wp-json\/wp\/v2\/comments?post=6631"}],"version-history":[{"count":3,"href":"https:\/\/lifealignmentstore.com\/no\/wp-json\/wp\/v2\/pages\/6631\/revisions"}],"predecessor-version":[{"id":6634,"href":"https:\/\/lifealignmentstore.com\/no\/wp-json\/wp\/v2\/pages\/6631\/revisions\/6634"}],"wp:attachment":[{"href":"https:\/\/lifealignmentstore.com\/no\/wp-json\/wp\/v2\/media?parent=6631"}],"curies":[{"name":"wp","href":"https:\/\/api.w.org\/{rel}","templated":true}]}}