{"id":6635,"date":"2024-03-29T17:45:25","date_gmt":"2024-03-29T17:45:25","guid":{"rendered":"https:\/\/lifealignmentstore.com\/be-a-pratictioner\/"},"modified":"2024-03-29T17:48:46","modified_gmt":"2024-03-29T17:48:46","slug":"be-a-pratictioner","status":"publish","type":"page","link":"https:\/\/lifealignmentstore.com\/no\/be-a-pratictioner\/","title":{"rendered":"Be a Pratictioner"},"content":{"rendered":"\t\t<div data-elementor-type=\"wp-page\" data-elementor-id=\"6635\" class=\"elementor elementor-6635\" data-elementor-post-type=\"page\">\n\t\t\t\t\t\t<section class=\"elementor-section elementor-top-section elementor-element elementor-element-55bb10ac elementor-section-boxed elementor-section-height-default elementor-section-height-default\" data-id=\"55bb10ac\" data-element_type=\"section\" data-settings=\"{&quot;background_background&quot;:&quot;classic&quot;}\">\n\t\t\t\t\t\t<div class=\"elementor-container elementor-column-gap-default\">\n\t\t\t\t\t<div class=\"elementor-column elementor-col-100 elementor-top-column elementor-element elementor-element-6c300561\" data-id=\"6c300561\" data-element_type=\"column\" data-settings=\"{&quot;motion_fx_motion_fx_scrolling&quot;:&quot;yes&quot;,&quot;motion_fx_devices&quot;:[&quot;desktop&quot;,&quot;tablet&quot;,&quot;mobile&quot;]}\">\n\t\t\t<div class=\"elementor-widget-wrap elementor-element-populated\">\n\t\t\t\t\t\t<div class=\"elementor-element elementor-element-aebcf04 elementor-widget elementor-widget-heading\" data-id=\"aebcf04\" data-element_type=\"widget\" data-widget_type=\"heading.default\">\n\t\t\t\t<div class=\"elementor-widget-container\">\n\t\t\t<h2 class=\"elementor-heading-title elementor-size-default\">BLI TERAPEUT<\/h2>\t\t<\/div>\n\t\t\t\t<\/div>\n\t\t\t\t<div class=\"elementor-element elementor-element-8d509ae elementor-widget elementor-widget-image\" data-id=\"8d509ae\" data-element_type=\"widget\" data-widget_type=\"image.default\">\n\t\t\t\t<div class=\"elementor-widget-container\">\n\t\t\t\t\t\t\t\t\t\t\t\t\t<img decoding=\"async\" width=\"504\" height=\"10\" src=\"https:\/\/lifealignmentstore.com\/wp-content\/uploads\/2020\/02\/sub.png\" class=\"attachment-large size-large wp-image-694\" alt=\"\" srcset=\"https:\/\/lifealignmentstore.com\/wp-content\/uploads\/2020\/02\/sub.png 504w, https:\/\/lifealignmentstore.com\/wp-content\/uploads\/2020\/02\/sub-300x6.png 300w\" sizes=\"(max-width: 504px) 100vw, 504px\" \/>\t\t\t\t\t\t\t\t\t\t\t\t\t<\/div>\n\t\t\t\t<\/div>\n\t\t\t\t<div class=\"elementor-element elementor-element-68cc34cb elementor-widget elementor-widget-text-editor\" data-id=\"68cc34cb\" data-element_type=\"widget\" data-widget_type=\"text-editor.default\">\n\t\t\t\t<div class=\"elementor-widget-container\">\n\t\t\t\t\t\t\t<div class=\"et_pb_text et_pb_module et_pb_bg_layout_light et_pb_text_align_left et_pb_text_1\"><div class=\"et_pb_text_inner\"><p>Studiet er en reise i selvoppdagelse og livsendring, som bringer en dypere forst\u00e5else av deg selv og din plass i verden. Det kan ogs\u00e5 bidra til st\u00f8rre tillit til livet og tiltro til egen kraft.<\/p><\/div><\/div>\t\t\t\t\t\t<\/div>\n\t\t\t\t<\/div>\n\t\t\t\t\t<\/div>\n\t\t<\/div>\n\t\t\t\t\t<\/div>\n\t\t<\/section>\n\t\t\t\t<section class=\"elementor-section elementor-top-section elementor-element elementor-element-55845f04 elementor-section-height-min-height elementor-section-boxed elementor-section-height-default elementor-section-items-middle\" data-id=\"55845f04\" data-element_type=\"section\" data-settings=\"{&quot;background_background&quot;:&quot;classic&quot;}\">\n\t\t\t\t\t\t<div class=\"elementor-container elementor-column-gap-default\">\n\t\t\t\t\t<div class=\"elementor-column elementor-col-100 elementor-top-column elementor-element elementor-element-2d38b6dd\" data-id=\"2d38b6dd\" data-element_type=\"column\">\n\t\t\t<div class=\"elementor-widget-wrap elementor-element-populated\">\n\t\t\t\t\t\t<div class=\"elementor-element elementor-element-6e3cd067 elementor-widget elementor-widget-spacer\" data-id=\"6e3cd067\" data-element_type=\"widget\" data-widget_type=\"spacer.default\">\n\t\t\t\t<div class=\"elementor-widget-container\">\n\t\t\t\t\t<div class=\"elementor-spacer\">\n\t\t\t<div class=\"elementor-spacer-inner\"><\/div>\n\t\t<\/div>\n\t\t\t\t<\/div>\n\t\t\t\t<\/div>\n\t\t\t\t\t<\/div>\n\t\t<\/div>\n\t\t\t\t\t<\/div>\n\t\t<\/section>\n\t\t\t\t<section class=\"elementor-section elementor-top-section elementor-element elementor-element-50c95329 elementor-section-boxed elementor-section-height-default elementor-section-height-default\" data-id=\"50c95329\" data-element_type=\"section\">\n\t\t\t\t\t\t<div class=\"elementor-container elementor-column-gap-default\">\n\t\t\t\t\t<div class=\"elementor-column elementor-col-100 elementor-top-column elementor-element elementor-element-717106e\" data-id=\"717106e\" data-element_type=\"column\">\n\t\t\t<div class=\"elementor-widget-wrap elementor-element-populated\">\n\t\t\t\t\t\t<div class=\"elementor-element elementor-element-69003762 elementor-widget elementor-widget-text-editor\" data-id=\"69003762\" data-element_type=\"widget\" data-widget_type=\"text-editor.default\">\n\t\t\t\t<div class=\"elementor-widget-container\">\n\t\t\t\t\t\t\t<p>SLIK KAN DU L\u00c6RE LIFE ALIGNMENT<\/p>\t\t\t\t\t\t<\/div>\n\t\t\t\t<\/div>\n\t\t\t\t\t<\/div>\n\t\t<\/div>\n\t\t\t\t\t<\/div>\n\t\t<\/section>\n\t\t\t\t<section class=\"elementor-section elementor-top-section elementor-element elementor-element-ac788dd elementor-section-boxed elementor-section-height-default elementor-section-height-default\" data-id=\"ac788dd\" data-element_type=\"section\">\n\t\t\t\t\t\t<div class=\"elementor-container elementor-column-gap-default\">\n\t\t\t\t\t<div class=\"elementor-column elementor-col-100 elementor-top-column elementor-element elementor-element-6b1b0e2\" data-id=\"6b1b0e2\" data-element_type=\"column\" data-settings=\"{&quot;background_background&quot;:&quot;classic&quot;}\">\n\t\t\t<div class=\"elementor-widget-wrap elementor-element-populated\">\n\t\t\t\t\t\t<div class=\"elementor-element elementor-element-96d012f elementor-widget elementor-widget-text-editor\" data-id=\"96d012f\" data-element_type=\"widget\" data-widget_type=\"text-editor.default\">\n\t\t\t\t<div class=\"elementor-widget-container\">\n\t\t\t\t\t\t\t<p>MED V\u00c5RT MODULPROGRAM:\u00a0<\/p>\t\t\t\t\t\t<\/div>\n\t\t\t\t<\/div>\n\t\t\t\t<div class=\"elementor-element elementor-element-a0858c5 elementor-widget elementor-widget-text-editor\" data-id=\"a0858c5\" data-element_type=\"widget\" data-widget_type=\"text-editor.default\">\n\t\t\t\t<div class=\"elementor-widget-container\">\n\t\t\t\t\t\t\t<ul><li>Grunnkurs Body Spin<\/li><li>Life Alignment Modul 1 og 2<\/li><li>Case-studier for hver modul<\/li><li>Veiledningstimer<\/li><li>Praktiske dager med din veileder i Life Alignment<\/li><li>Endelig vurdering av ferdigheter<\/li><\/ul><p>For \u00e5 bli terapeut p\u00e5 h\u00f8yere niv\u00e5 tilbys ytterligere studier, noe som gir deg muligheten til \u00e5 utdype og perfeksjonere arbeidet ditt.<\/p>\t\t\t\t\t\t<\/div>\n\t\t\t\t<\/div>\n\t\t\t\t<div class=\"elementor-element elementor-element-626053b elementor-align-center elementor-widget elementor-widget-button\" data-id=\"626053b\" data-element_type=\"widget\" data-widget_type=\"button.default\">\n\t\t\t\t<div class=\"elementor-widget-container\">\n\t\t\t\t\t<div class=\"elementor-button-wrapper\">\n\t\t\t<a class=\"elementor-button elementor-button-link elementor-size-md\" href=\"https:\/\/lifealignmentstore.com\/teachers\/\">\n\t\t\t\t\t\t<span class=\"elementor-button-content-wrapper\">\n\t\t\t\t\t\t\t\t\t<span class=\"elementor-button-text\">KLIKK FOR MER INFORMASJON<\/span>\n\t\t\t\t\t<\/span>\n\t\t\t\t\t<\/a>\n\t\t<\/div>\n\t\t\t\t<\/div>\n\t\t\t\t<\/div>\n\t\t\t\t\t<\/div>\n\t\t<\/div>\n\t\t\t\t\t<\/div>\n\t\t<\/section>\n\t\t\t\t<section class=\"elementor-section elementor-top-section elementor-element elementor-element-7201eea elementor-section-boxed elementor-section-height-default elementor-section-height-default\" data-id=\"7201eea\" data-element_type=\"section\">\n\t\t\t\t\t\t<div class=\"elementor-container elementor-column-gap-default\">\n\t\t\t\t\t<div class=\"elementor-column elementor-col-100 elementor-top-column elementor-element elementor-element-e2d9493\" data-id=\"e2d9493\" data-element_type=\"column\" data-settings=\"{&quot;background_background&quot;:&quot;classic&quot;}\">\n\t\t\t<div class=\"elementor-widget-wrap elementor-element-populated\">\n\t\t\t\t\t\t<div class=\"elementor-element elementor-element-df6ad99 elementor-widget elementor-widget-text-editor\" data-id=\"df6ad99\" data-element_type=\"widget\" data-widget_type=\"text-editor.default\">\n\t\t\t\t<div class=\"elementor-widget-container\">\n\t\t\t\t\t\t\t<p>GJENNOM LIFE ALIGNEMENT AKADEMIET<\/p>\t\t\t\t\t\t<\/div>\n\t\t\t\t<\/div>\n\t\t\t\t<div class=\"elementor-element elementor-element-79fd644 elementor-align-center elementor-widget elementor-widget-button\" data-id=\"79fd644\" data-element_type=\"widget\" data-widget_type=\"button.default\">\n\t\t\t\t<div class=\"elementor-widget-container\">\n\t\t\t\t\t<div class=\"elementor-button-wrapper\">\n\t\t\t<a class=\"elementor-button elementor-button-link elementor-size-md\" href=\"https:\/\/lifealignmentacademy.org\/life-alignment-academy?lang=en\">\n\t\t\t\t\t\t<span class=\"elementor-button-content-wrapper\">\n\t\t\t\t\t\t\t\t\t<span class=\"elementor-button-text\">KLIKK HER FOR FLERE DETALJER<\/span>\n\t\t\t\t\t<\/span>\n\t\t\t\t\t<\/a>\n\t\t<\/div>\n\t\t\t\t<\/div>\n\t\t\t\t<\/div>\n\t\t\t\t\t<\/div>\n\t\t<\/div>\n\t\t\t\t\t<\/div>\n\t\t<\/section>\n\t\t\t\t<\/div>\n\t\t","protected":false},"excerpt":{"rendered":"<p>BLI TERAPEUT Studiet er en reise i selvoppdagelse og livsendring, som bringer en dypere forst\u00e5else av deg selv og din plass i verden. Det kan ogs\u00e5 bidra til st\u00f8rre tillit til livet og tiltro til egen kraft. SLIK KAN DU L\u00c6RE LIFE ALIGNMENT MED V\u00c5RT MODULPROGRAM:\u00a0 Grunnkurs Body Spin Life Alignment Modul 1 og 2 [&hellip;]<\/p>\n","protected":false},"author":1,"featured_media":0,"parent":0,"menu_order":0,"comment_status":"closed","ping_status":"closed","template":"elementor_header_footer","meta":[],"acf":[],"yoast_head":"<!-- This site is optimized with the Yoast SEO plugin v20.11 - https:\/\/yoast.com\/wordpress\/plugins\/seo\/ -->\n<title>Be a Pratictioner - Life Alignment<\/title>\n<meta name=\"robots\" content=\"index, follow, max-snippet:-1, max-image-preview:large, max-video-preview:-1\" \/>\n<link rel=\"canonical\" href=\"https:\/\/lifealignmentstore.com\/no\/be-a-pratictioner\/\" \/>\n<meta property=\"og:locale\" content=\"nb_NO\" \/>\n<meta property=\"og:type\" content=\"article\" \/>\n<meta property=\"og:title\" content=\"Be a Pratictioner - Life Alignment\" \/>\n<meta property=\"og:description\" content=\"BLI TERAPEUT Studiet er en reise i selvoppdagelse og livsendring, som bringer en dypere forst\u00e5else av deg selv og din plass i verden. Det kan ogs\u00e5 bidra til st\u00f8rre tillit til livet og tiltro til egen kraft. SLIK KAN DU L\u00c6RE LIFE ALIGNMENT MED V\u00c5RT MODULPROGRAM:\u00a0 Grunnkurs Body Spin Life Alignment Modul 1 og 2 [&hellip;]\" \/>\n<meta property=\"og:url\" content=\"https:\/\/lifealignmentstore.com\/no\/be-a-pratictioner\/\" \/>\n<meta property=\"og:site_name\" content=\"Life Alignment\" \/>\n<meta property=\"article:modified_time\" content=\"2024-03-29T17:48:46+00:00\" \/>\n<meta property=\"og:image\" content=\"https:\/\/lifealignmentstore.com\/wp-content\/uploads\/2020\/02\/sub.png\" \/>\n<meta name=\"twitter:card\" content=\"summary_large_image\" \/>\n<meta name=\"twitter:label1\" content=\"Ansl. lesetid\" \/>\n\t<meta name=\"twitter:data1\" content=\"1 minutt\" \/>\n<script type=\"application\/ld+json\" class=\"yoast-schema-graph\">{\"@context\":\"https:\/\/schema.org\",\"@graph\":[{\"@type\":\"WebPage\",\"@id\":\"https:\/\/lifealignmentstore.com\/no\/be-a-pratictioner\/\",\"url\":\"https:\/\/lifealignmentstore.com\/no\/be-a-pratictioner\/\",\"name\":\"Be a Pratictioner - Life Alignment\",\"isPartOf\":{\"@id\":\"https:\/\/lifealignmentstore.com\/#website\"},\"datePublished\":\"2024-03-29T17:45:25+00:00\",\"dateModified\":\"2024-03-29T17:48:46+00:00\",\"breadcrumb\":{\"@id\":\"https:\/\/lifealignmentstore.com\/no\/be-a-pratictioner\/#breadcrumb\"},\"inLanguage\":\"nb-NO\",\"potentialAction\":[{\"@type\":\"ReadAction\",\"target\":[\"https:\/\/lifealignmentstore.com\/no\/be-a-pratictioner\/\"]}]},{\"@type\":\"BreadcrumbList\",\"@id\":\"https:\/\/lifealignmentstore.com\/no\/be-a-pratictioner\/#breadcrumb\",\"itemListElement\":[{\"@type\":\"ListItem\",\"position\":1,\"name\":\"Home\",\"item\":\"https:\/\/lifealignmentstore.com\/no\/\"},{\"@type\":\"ListItem\",\"position\":2,\"name\":\"Be a Pratictioner\"}]},{\"@type\":\"WebSite\",\"@id\":\"https:\/\/lifealignmentstore.com\/#website\",\"url\":\"https:\/\/lifealignmentstore.com\/\",\"name\":\"Life Alignment\",\"description\":\"\",\"publisher\":{\"@id\":\"https:\/\/lifealignmentstore.com\/#organization\"},\"potentialAction\":[{\"@type\":\"SearchAction\",\"target\":{\"@type\":\"EntryPoint\",\"urlTemplate\":\"https:\/\/lifealignmentstore.com\/?s={search_term_string}\"},\"query-input\":\"required name=search_term_string\"}],\"inLanguage\":\"nb-NO\"},{\"@type\":\"Organization\",\"@id\":\"https:\/\/lifealignmentstore.com\/#organization\",\"name\":\"Life Alignment\",\"url\":\"https:\/\/lifealignmentstore.com\/\",\"logo\":{\"@type\":\"ImageObject\",\"inLanguage\":\"nb-NO\",\"@id\":\"https:\/\/lifealignmentstore.com\/#\/schema\/logo\/image\/\",\"url\":\"https:\/\/lifealignmentstore.com\/wp-content\/uploads\/2020\/01\/LifeAlignment_Logo_2020.png\",\"contentUrl\":\"https:\/\/lifealignmentstore.com\/wp-content\/uploads\/2020\/01\/LifeAlignment_Logo_2020.png\",\"width\":2548,\"height\":675,\"caption\":\"Life Alignment\"},\"image\":{\"@id\":\"https:\/\/lifealignmentstore.com\/#\/schema\/logo\/image\/\"}}]}<\/script>\n<!-- \/ Yoast SEO plugin. -->","yoast_head_json":{"title":"Be a Pratictioner - Life Alignment","robots":{"index":"index","follow":"follow","max-snippet":"max-snippet:-1","max-image-preview":"max-image-preview:large","max-video-preview":"max-video-preview:-1"},"canonical":"https:\/\/lifealignmentstore.com\/no\/be-a-pratictioner\/","og_locale":"nb_NO","og_type":"article","og_title":"Be a Pratictioner - Life Alignment","og_description":"BLI TERAPEUT Studiet er en reise i selvoppdagelse og livsendring, som bringer en dypere forst\u00e5else av deg selv og din plass i verden. Det kan ogs\u00e5 bidra til st\u00f8rre tillit til livet og tiltro til egen kraft. SLIK KAN DU L\u00c6RE LIFE ALIGNMENT MED V\u00c5RT MODULPROGRAM:\u00a0 Grunnkurs Body Spin Life Alignment Modul 1 og 2 [&hellip;]","og_url":"https:\/\/lifealignmentstore.com\/no\/be-a-pratictioner\/","og_site_name":"Life Alignment","article_modified_time":"2024-03-29T17:48:46+00:00","og_image":[{"url":"https:\/\/lifealignmentstore.com\/wp-content\/uploads\/2020\/02\/sub.png"}],"twitter_card":"summary_large_image","twitter_misc":{"Ansl. lesetid":"1 minutt"},"schema":{"@context":"https:\/\/schema.org","@graph":[{"@type":"WebPage","@id":"https:\/\/lifealignmentstore.com\/no\/be-a-pratictioner\/","url":"https:\/\/lifealignmentstore.com\/no\/be-a-pratictioner\/","name":"Be a Pratictioner - Life Alignment","isPartOf":{"@id":"https:\/\/lifealignmentstore.com\/#website"},"datePublished":"2024-03-29T17:45:25+00:00","dateModified":"2024-03-29T17:48:46+00:00","breadcrumb":{"@id":"https:\/\/lifealignmentstore.com\/no\/be-a-pratictioner\/#breadcrumb"},"inLanguage":"nb-NO","potentialAction":[{"@type":"ReadAction","target":["https:\/\/lifealignmentstore.com\/no\/be-a-pratictioner\/"]}]},{"@type":"BreadcrumbList","@id":"https:\/\/lifealignmentstore.com\/no\/be-a-pratictioner\/#breadcrumb","itemListElement":[{"@type":"ListItem","position":1,"name":"Home","item":"https:\/\/lifealignmentstore.com\/no\/"},{"@type":"ListItem","position":2,"name":"Be a Pratictioner"}]},{"@type":"WebSite","@id":"https:\/\/lifealignmentstore.com\/#website","url":"https:\/\/lifealignmentstore.com\/","name":"Life Alignment","description":"","publisher":{"@id":"https:\/\/lifealignmentstore.com\/#organization"},"potentialAction":[{"@type":"SearchAction","target":{"@type":"EntryPoint","urlTemplate":"https:\/\/lifealignmentstore.com\/?s={search_term_string}"},"query-input":"required name=search_term_string"}],"inLanguage":"nb-NO"},{"@type":"Organization","@id":"https:\/\/lifealignmentstore.com\/#organization","name":"Life Alignment","url":"https:\/\/lifealignmentstore.com\/","logo":{"@type":"ImageObject","inLanguage":"nb-NO","@id":"https:\/\/lifealignmentstore.com\/#\/schema\/logo\/image\/","url":"https:\/\/lifealignmentstore.com\/wp-content\/uploads\/2020\/01\/LifeAlignment_Logo_2020.png","contentUrl":"https:\/\/lifealignmentstore.com\/wp-content\/uploads\/2020\/01\/LifeAlignment_Logo_2020.png","width":2548,"height":675,"caption":"Life Alignment"},"image":{"@id":"https:\/\/lifealignmentstore.com\/#\/schema\/logo\/image\/"}}]}},"_links":{"self":[{"href":"https:\/\/lifealignmentstore.com\/no\/wp-json\/wp\/v2\/pages\/6635"}],"collection":[{"href":"https:\/\/lifealignmentstore.com\/no\/wp-json\/wp\/v2\/pages"}],"about":[{"href":"https:\/\/lifealignmentstore.com\/no\/wp-json\/wp\/v2\/types\/page"}],"author":[{"embeddable":true,"href":"https:\/\/lifealignmentstore.com\/no\/wp-json\/wp\/v2\/users\/1"}],"replies":[{"embeddable":true,"href":"https:\/\/lifealignmentstore.com\/no\/wp-json\/wp\/v2\/comments?post=6635"}],"version-history":[{"count":3,"href":"https:\/\/lifealignmentstore.com\/no\/wp-json\/wp\/v2\/pages\/6635\/revisions"}],"predecessor-version":[{"id":6638,"href":"https:\/\/lifealignmentstore.com\/no\/wp-json\/wp\/v2\/pages\/6635\/revisions\/6638"}],"wp:attachment":[{"href":"https:\/\/lifealignmentstore.com\/no\/wp-json\/wp\/v2\/media?parent=6635"}],"curies":[{"name":"wp","href":"https:\/\/api.w.org\/{rel}","templated":true}]}}