{"id":5948,"date":"2023-11-26T17:21:04","date_gmt":"2023-11-26T17:21:04","guid":{"rendered":"https:\/\/lifealignmentstore.com\/about\/"},"modified":"2023-11-26T17:23:19","modified_gmt":"2023-11-26T17:23:19","slug":"about","status":"publish","type":"page","link":"https:\/\/lifealignmentstore.com\/sv\/about\/","title":{"rendered":"About"},"content":{"rendered":"\t\t<div data-elementor-type=\"wp-page\" data-elementor-id=\"5948\" class=\"elementor elementor-5948\" data-elementor-post-type=\"page\">\n\t\t\t\t\t\t<section class=\"elementor-section elementor-top-section elementor-element elementor-element-f6f5743 elementor-section-height-min-height elementor-section-content-bottom elementor-section-full_width elementor-section-height-default elementor-section-items-middle\" data-id=\"f6f5743\" data-element_type=\"section\" data-settings=\"{&quot;background_background&quot;:&quot;classic&quot;}\">\n\t\t\t\t\t\t\t<div class=\"elementor-background-overlay\"><\/div>\n\t\t\t\t\t\t\t<div class=\"elementor-container elementor-column-gap-default\">\n\t\t\t\t\t<div class=\"elementor-column elementor-col-50 elementor-top-column elementor-element elementor-element-e05a9a8\" data-id=\"e05a9a8\" data-element_type=\"column\">\n\t\t\t<div class=\"elementor-widget-wrap elementor-element-populated\">\n\t\t\t\t\t\t<div class=\"elementor-element elementor-element-51750d1 elementor-widget elementor-widget-spacer\" data-id=\"51750d1\" data-element_type=\"widget\" data-widget_type=\"spacer.default\">\n\t\t\t\t<div class=\"elementor-widget-container\">\n\t\t\t\t\t<div class=\"elementor-spacer\">\n\t\t\t<div class=\"elementor-spacer-inner\"><\/div>\n\t\t<\/div>\n\t\t\t\t<\/div>\n\t\t\t\t<\/div>\n\t\t\t\t\t<\/div>\n\t\t<\/div>\n\t\t\t\t<div class=\"elementor-column elementor-col-50 elementor-top-column elementor-element elementor-element-7b9ecb5\" data-id=\"7b9ecb5\" data-element_type=\"column\">\n\t\t\t<div class=\"elementor-widget-wrap elementor-element-populated\">\n\t\t\t\t\t\t<div class=\"elementor-element elementor-element-ca17907 elementor-widget elementor-widget-heading\" data-id=\"ca17907\" data-element_type=\"widget\" data-widget_type=\"heading.default\">\n\t\t\t\t<div class=\"elementor-widget-container\">\n\t\t\t<h2 class=\"elementor-heading-title elementor-size-default\">Jeff Levin DNM<\/h2>\t\t<\/div>\n\t\t\t\t<\/div>\n\t\t\t\t<div class=\"elementor-element elementor-element-fa29f7c elementor-widget elementor-widget-image\" data-id=\"fa29f7c\" data-element_type=\"widget\" data-widget_type=\"image.default\">\n\t\t\t\t<div class=\"elementor-widget-container\">\n\t\t\t\t\t\t\t\t\t\t\t\t\t<img decoding=\"async\" width=\"504\" height=\"10\" src=\"https:\/\/lifealignmentstore.com\/wp-content\/uploads\/2020\/02\/sub.png\" class=\"attachment-large size-large wp-image-694\" alt=\"\" srcset=\"https:\/\/lifealignmentstore.com\/wp-content\/uploads\/2020\/02\/sub.png 504w, https:\/\/lifealignmentstore.com\/wp-content\/uploads\/2020\/02\/sub-300x6.png 300w\" sizes=\"(max-width: 504px) 100vw, 504px\" \/>\t\t\t\t\t\t\t\t\t\t\t\t\t<\/div>\n\t\t\t\t<\/div>\n\t\t\t\t<div class=\"elementor-element elementor-element-bf4aaa6 elementor-widget elementor-widget-text-editor\" data-id=\"bf4aaa6\" data-element_type=\"widget\" data-widget_type=\"text-editor.default\">\n\t\t\t\t<div class=\"elementor-widget-container\">\n\t\t\t\t\t\t\t<p class=\"p1\">Grundare av Life Alignment<\/p>\t\t\t\t\t\t<\/div>\n\t\t\t\t<\/div>\n\t\t\t\t\t<\/div>\n\t\t<\/div>\n\t\t\t\t\t<\/div>\n\t\t<\/section>\n\t\t\t\t<section class=\"elementor-section elementor-top-section elementor-element elementor-element-53f22b9 elementor-section-boxed elementor-section-height-default elementor-section-height-default\" data-id=\"53f22b9\" data-element_type=\"section\" data-settings=\"{&quot;background_background&quot;:&quot;classic&quot;}\">\n\t\t\t\t\t\t<div class=\"elementor-container elementor-column-gap-default\">\n\t\t\t\t\t<div class=\"elementor-column elementor-col-100 elementor-top-column elementor-element elementor-element-075d4d4\" data-id=\"075d4d4\" data-element_type=\"column\" data-settings=\"{&quot;motion_fx_motion_fx_scrolling&quot;:&quot;yes&quot;,&quot;motion_fx_devices&quot;:[&quot;desktop&quot;,&quot;tablet&quot;,&quot;mobile&quot;]}\">\n\t\t\t<div class=\"elementor-widget-wrap elementor-element-populated\">\n\t\t\t\t\t\t<div class=\"elementor-element elementor-element-e80fc3e elementor-widget elementor-widget-text-editor\" data-id=\"e80fc3e\" data-element_type=\"widget\" data-widget_type=\"text-editor.default\">\n\t\t\t\t<div class=\"elementor-widget-container\">\n\t\t\t\t\t\t\t<p class=\"p1\">TILLIT, INTUITION, K\u00c4RLEK<\/p>\t\t\t\t\t\t<\/div>\n\t\t\t\t<\/div>\n\t\t\t\t<div class=\"elementor-element elementor-element-f2f9250 elementor-widget elementor-widget-image\" data-id=\"f2f9250\" data-element_type=\"widget\" data-widget_type=\"image.default\">\n\t\t\t\t<div class=\"elementor-widget-container\">\n\t\t\t\t\t\t\t\t\t\t\t\t\t<img decoding=\"async\" width=\"504\" height=\"10\" src=\"https:\/\/lifealignmentstore.com\/wp-content\/uploads\/2020\/02\/sub.png\" class=\"attachment-large size-large wp-image-694\" alt=\"\" srcset=\"https:\/\/lifealignmentstore.com\/wp-content\/uploads\/2020\/02\/sub.png 504w, https:\/\/lifealignmentstore.com\/wp-content\/uploads\/2020\/02\/sub-300x6.png 300w\" sizes=\"(max-width: 504px) 100vw, 504px\" \/>\t\t\t\t\t\t\t\t\t\t\t\t\t<\/div>\n\t\t\t\t<\/div>\n\t\t\t\t<div class=\"elementor-element elementor-element-340a1dd elementor-widget elementor-widget-text-editor\" data-id=\"340a1dd\" data-element_type=\"widget\" data-widget_type=\"text-editor.default\">\n\t\t\t\t<div class=\"elementor-widget-container\">\n\t\t\t\t\t\t\t<p class=\"p1\">Som barn hade jag ett intresse av och en viss medvetenhet kring omr\u00e5det energi. Efter en mycket h\u00e5rd milit\u00e4r utbildning blev jag extremt sjuk och var sjuk i cirka 25 \u00e5r. F\u00f6rst letade jag efter olika s\u00e4tt att l\u00e4ka mig sj\u00e4lv i den konventionella v\u00e4rlden, men det fungerade inte f\u00f6r mig.<\/p><p class=\"p1\">S\u00e5 jag gick tillbaka till min energim\u00e4ssiga bas som jag var intresserad av och b\u00f6rjade arbeta med energier. P\u00e5 den tiden var jag arkitekt men jag blev inspirerad av att hj\u00e4lpa m\u00e4nniskor att l\u00e4ka energim\u00e4ssigt. Jag visste ingenting om energil\u00e4kning, men jag f\u00f6ljde en inre v\u00e4gledning som ledde mig till m\u00e5nga mirakul\u00f6sa upplevelser.<\/p><p class=\"p1\">Senare flyttade jag till Kanada, d\u00e4r jag studerade m\u00e5nga olika h\u00e4lso- och l\u00e4kningstekniker, som kinesiologi, akupunktur och n\u00e4ringsl\u00e4ra. Jag \u00f6ppnade ett holistiskt centrum i Toronto, d\u00e4r m\u00e5nga praktiserande terapeuter arbetade tillsammans. Jag \u00f6ppnade ocks\u00e5 ett retreatcenter dit m\u00e4nniskor fr\u00e5n hela v\u00e4rlden kunde resa f\u00f6r att helas genom rensnings- och avgiftningsbehandlingar. D\u00e4r b\u00f6rjade jag intuitivt ta emot de f\u00f6rsta fr\u00f6na till Life Alignment fr\u00e5n mitt eget h\u00f6gre medvetande och jag b\u00f6rjade inf\u00f6rliva detta helande i retreatverksamheten.<\/p><p class=\"p1\">Gensvaret var s\u00e5 kraftfullt att folk b\u00f6rjade be mig att l\u00e4ra dem vad jag gjorde, men det kunde jag inte eftersom jag arbetade intuitivt. Mitt djupa behov av att undervisa v\u00e4xte och jag blev v\u00e4gledd till att dra mig tillbaka i enskildhet. Under ett antal dagars djup meditation &#8221;laddade jag ner&#8221; undervisningssystemet f\u00f6r Life Alignment, som vi d\u00e5 kallade Body Alignment.<\/p><p class=\"p1\">Body Alignment bestod av en rad olika punkter p\u00e5 kroppen som var energim\u00e4ssigt kopplade till organen, k\u00f6rtlarna och systemen i kroppen samt ett specifikt s\u00e4tt att arbeta med dem. Jag kunde inte f\u00f6rst\u00e5 var detta kom ifr\u00e5n eftersom det inte liknade n\u00e5got annat jag tidigare hade l\u00e4rt mig.<\/p><p class=\"p1\">Jag b\u00f6rjade arbeta p\u00e5 klienter med denna teknik och blev f\u00f6rv\u00e5nad \u00f6ver teknikens enorma kraft. Efter ett par m\u00e5nader kunde jag s\u00e4tta ihop en utbildningsmanual. Det var 1991. Jag kunde undervisa eleverna som v\u00e4ntat p\u00e5 detta. Under \u00e5ren kom mer information intuitivt till mig \u2013 b\u00e5de moduler likv\u00e4l som vortexteknologin.<\/p><p class=\"p1\">S\u00e5 h\u00e4r f\u00f6ddes Life Alignment och mitt livs syfte att sprida det \u00f6ver hela v\u00e4rlden b\u00f6rjade\u2026<\/p>\t\t\t\t\t\t<\/div>\n\t\t\t\t<\/div>\n\t\t\t\t\t<\/div>\n\t\t<\/div>\n\t\t\t\t\t<\/div>\n\t\t<\/section>\n\t\t\t\t<section class=\"elementor-section elementor-top-section elementor-element elementor-element-1e7752f elementor-section-boxed elementor-section-height-default elementor-section-height-default\" data-id=\"1e7752f\" data-element_type=\"section\">\n\t\t\t\t\t\t<div class=\"elementor-container elementor-column-gap-default\">\n\t\t\t\t\t<div class=\"elementor-column elementor-col-100 elementor-top-column elementor-element elementor-element-8f1fc0c\" data-id=\"8f1fc0c\" data-element_type=\"column\">\n\t\t\t<div class=\"elementor-widget-wrap\">\n\t\t\t\t\t\t\t<\/div>\n\t\t<\/div>\n\t\t\t\t\t<\/div>\n\t\t<\/section>\n\t\t\t\t<\/div>\n\t\t","protected":false},"excerpt":{"rendered":"<p>Jeff Levin DNM Grundare av Life Alignment TILLIT, INTUITION, K\u00c4RLEK Som barn hade jag ett intresse av och en viss medvetenhet kring omr\u00e5det energi. Efter en mycket h\u00e5rd milit\u00e4r utbildning blev jag extremt sjuk och var sjuk i cirka 25 \u00e5r. F\u00f6rst letade jag efter olika s\u00e4tt att l\u00e4ka mig sj\u00e4lv i den konventionella v\u00e4rlden, [&hellip;]<\/p>\n","protected":false},"author":1,"featured_media":0,"parent":0,"menu_order":0,"comment_status":"closed","ping_status":"closed","template":"elementor_header_footer","meta":[],"acf":[],"yoast_head":"<!-- This site is optimized with the Yoast SEO plugin v20.11 - https:\/\/yoast.com\/wordpress\/plugins\/seo\/ -->\n<title>About - Life Alignment<\/title>\n<meta name=\"robots\" content=\"index, follow, max-snippet:-1, max-image-preview:large, max-video-preview:-1\" \/>\n<link rel=\"canonical\" href=\"https:\/\/lifealignmentstore.com\/sv\/about\/\" \/>\n<meta property=\"og:locale\" content=\"sv_SE\" \/>\n<meta property=\"og:type\" content=\"article\" \/>\n<meta property=\"og:title\" content=\"About - Life Alignment\" \/>\n<meta property=\"og:description\" content=\"Jeff Levin DNM Grundare av Life Alignment TILLIT, INTUITION, K\u00c4RLEK Som barn hade jag ett intresse av och en viss medvetenhet kring omr\u00e5det energi. Efter en mycket h\u00e5rd milit\u00e4r utbildning blev jag extremt sjuk och var sjuk i cirka 25 \u00e5r. F\u00f6rst letade jag efter olika s\u00e4tt att l\u00e4ka mig sj\u00e4lv i den konventionella v\u00e4rlden, [&hellip;]\" \/>\n<meta property=\"og:url\" content=\"https:\/\/lifealignmentstore.com\/sv\/about\/\" \/>\n<meta property=\"og:site_name\" content=\"Life Alignment\" \/>\n<meta property=\"article:modified_time\" content=\"2023-11-26T17:23:19+00:00\" \/>\n<meta property=\"og:image\" content=\"https:\/\/lifealignmentstore.com\/wp-content\/uploads\/2020\/02\/sub.png\" \/>\n<meta name=\"twitter:card\" content=\"summary_large_image\" \/>\n<meta name=\"twitter:label1\" content=\"Ber\u00e4knad l\u00e4stid\" \/>\n\t<meta name=\"twitter:data1\" content=\"2 minuter\" \/>\n<script type=\"application\/ld+json\" class=\"yoast-schema-graph\">{\"@context\":\"https:\/\/schema.org\",\"@graph\":[{\"@type\":\"WebPage\",\"@id\":\"https:\/\/lifealignmentstore.com\/sv\/about\/\",\"url\":\"https:\/\/lifealignmentstore.com\/sv\/about\/\",\"name\":\"About - Life Alignment\",\"isPartOf\":{\"@id\":\"https:\/\/lifealignmentstore.com\/#website\"},\"datePublished\":\"2023-11-26T17:21:04+00:00\",\"dateModified\":\"2023-11-26T17:23:19+00:00\",\"breadcrumb\":{\"@id\":\"https:\/\/lifealignmentstore.com\/sv\/about\/#breadcrumb\"},\"inLanguage\":\"sv-SE\",\"potentialAction\":[{\"@type\":\"ReadAction\",\"target\":[\"https:\/\/lifealignmentstore.com\/sv\/about\/\"]}]},{\"@type\":\"BreadcrumbList\",\"@id\":\"https:\/\/lifealignmentstore.com\/sv\/about\/#breadcrumb\",\"itemListElement\":[{\"@type\":\"ListItem\",\"position\":1,\"name\":\"Home\",\"item\":\"https:\/\/lifealignmentstore.com\/sv\/\"},{\"@type\":\"ListItem\",\"position\":2,\"name\":\"About\"}]},{\"@type\":\"WebSite\",\"@id\":\"https:\/\/lifealignmentstore.com\/#website\",\"url\":\"https:\/\/lifealignmentstore.com\/\",\"name\":\"Life Alignment\",\"description\":\"\",\"publisher\":{\"@id\":\"https:\/\/lifealignmentstore.com\/#organization\"},\"potentialAction\":[{\"@type\":\"SearchAction\",\"target\":{\"@type\":\"EntryPoint\",\"urlTemplate\":\"https:\/\/lifealignmentstore.com\/?s={search_term_string}\"},\"query-input\":\"required name=search_term_string\"}],\"inLanguage\":\"sv-SE\"},{\"@type\":\"Organization\",\"@id\":\"https:\/\/lifealignmentstore.com\/#organization\",\"name\":\"Life Alignment\",\"url\":\"https:\/\/lifealignmentstore.com\/\",\"logo\":{\"@type\":\"ImageObject\",\"inLanguage\":\"sv-SE\",\"@id\":\"https:\/\/lifealignmentstore.com\/#\/schema\/logo\/image\/\",\"url\":\"https:\/\/lifealignmentstore.com\/wp-content\/uploads\/2020\/01\/LifeAlignment_Logo_2020.png\",\"contentUrl\":\"https:\/\/lifealignmentstore.com\/wp-content\/uploads\/2020\/01\/LifeAlignment_Logo_2020.png\",\"width\":2548,\"height\":675,\"caption\":\"Life Alignment\"},\"image\":{\"@id\":\"https:\/\/lifealignmentstore.com\/#\/schema\/logo\/image\/\"}}]}<\/script>\n<!-- \/ Yoast SEO plugin. -->","yoast_head_json":{"title":"About - Life Alignment","robots":{"index":"index","follow":"follow","max-snippet":"max-snippet:-1","max-image-preview":"max-image-preview:large","max-video-preview":"max-video-preview:-1"},"canonical":"https:\/\/lifealignmentstore.com\/sv\/about\/","og_locale":"sv_SE","og_type":"article","og_title":"About - Life Alignment","og_description":"Jeff Levin DNM Grundare av Life Alignment TILLIT, INTUITION, K\u00c4RLEK Som barn hade jag ett intresse av och en viss medvetenhet kring omr\u00e5det energi. Efter en mycket h\u00e5rd milit\u00e4r utbildning blev jag extremt sjuk och var sjuk i cirka 25 \u00e5r. F\u00f6rst letade jag efter olika s\u00e4tt att l\u00e4ka mig sj\u00e4lv i den konventionella v\u00e4rlden, [&hellip;]","og_url":"https:\/\/lifealignmentstore.com\/sv\/about\/","og_site_name":"Life Alignment","article_modified_time":"2023-11-26T17:23:19+00:00","og_image":[{"url":"https:\/\/lifealignmentstore.com\/wp-content\/uploads\/2020\/02\/sub.png"}],"twitter_card":"summary_large_image","twitter_misc":{"Ber\u00e4knad l\u00e4stid":"2 minuter"},"schema":{"@context":"https:\/\/schema.org","@graph":[{"@type":"WebPage","@id":"https:\/\/lifealignmentstore.com\/sv\/about\/","url":"https:\/\/lifealignmentstore.com\/sv\/about\/","name":"About - Life Alignment","isPartOf":{"@id":"https:\/\/lifealignmentstore.com\/#website"},"datePublished":"2023-11-26T17:21:04+00:00","dateModified":"2023-11-26T17:23:19+00:00","breadcrumb":{"@id":"https:\/\/lifealignmentstore.com\/sv\/about\/#breadcrumb"},"inLanguage":"sv-SE","potentialAction":[{"@type":"ReadAction","target":["https:\/\/lifealignmentstore.com\/sv\/about\/"]}]},{"@type":"BreadcrumbList","@id":"https:\/\/lifealignmentstore.com\/sv\/about\/#breadcrumb","itemListElement":[{"@type":"ListItem","position":1,"name":"Home","item":"https:\/\/lifealignmentstore.com\/sv\/"},{"@type":"ListItem","position":2,"name":"About"}]},{"@type":"WebSite","@id":"https:\/\/lifealignmentstore.com\/#website","url":"https:\/\/lifealignmentstore.com\/","name":"Life Alignment","description":"","publisher":{"@id":"https:\/\/lifealignmentstore.com\/#organization"},"potentialAction":[{"@type":"SearchAction","target":{"@type":"EntryPoint","urlTemplate":"https:\/\/lifealignmentstore.com\/?s={search_term_string}"},"query-input":"required name=search_term_string"}],"inLanguage":"sv-SE"},{"@type":"Organization","@id":"https:\/\/lifealignmentstore.com\/#organization","name":"Life Alignment","url":"https:\/\/lifealignmentstore.com\/","logo":{"@type":"ImageObject","inLanguage":"sv-SE","@id":"https:\/\/lifealignmentstore.com\/#\/schema\/logo\/image\/","url":"https:\/\/lifealignmentstore.com\/wp-content\/uploads\/2020\/01\/LifeAlignment_Logo_2020.png","contentUrl":"https:\/\/lifealignmentstore.com\/wp-content\/uploads\/2020\/01\/LifeAlignment_Logo_2020.png","width":2548,"height":675,"caption":"Life Alignment"},"image":{"@id":"https:\/\/lifealignmentstore.com\/#\/schema\/logo\/image\/"}}]}},"_links":{"self":[{"href":"https:\/\/lifealignmentstore.com\/sv\/wp-json\/wp\/v2\/pages\/5948"}],"collection":[{"href":"https:\/\/lifealignmentstore.com\/sv\/wp-json\/wp\/v2\/pages"}],"about":[{"href":"https:\/\/lifealignmentstore.com\/sv\/wp-json\/wp\/v2\/types\/page"}],"author":[{"embeddable":true,"href":"https:\/\/lifealignmentstore.com\/sv\/wp-json\/wp\/v2\/users\/1"}],"replies":[{"embeddable":true,"href":"https:\/\/lifealignmentstore.com\/sv\/wp-json\/wp\/v2\/comments?post=5948"}],"version-history":[{"count":3,"href":"https:\/\/lifealignmentstore.com\/sv\/wp-json\/wp\/v2\/pages\/5948\/revisions"}],"predecessor-version":[{"id":5951,"href":"https:\/\/lifealignmentstore.com\/sv\/wp-json\/wp\/v2\/pages\/5948\/revisions\/5951"}],"wp:attachment":[{"href":"https:\/\/lifealignmentstore.com\/sv\/wp-json\/wp\/v2\/media?parent=5948"}],"curies":[{"name":"wp","href":"https:\/\/api.w.org\/{rel}","templated":true}]}}