{"id":5986,"date":"2023-11-26T17:53:11","date_gmt":"2023-11-26T17:53:11","guid":{"rendered":"https:\/\/lifealignmentstore.com\/praktisera-life-alignment\/"},"modified":"2023-11-26T17:56:56","modified_gmt":"2023-11-26T17:56:56","slug":"praktisera-life-alignment","status":"publish","type":"page","link":"https:\/\/lifealignmentstore.com\/sv\/praktisera-life-alignment\/","title":{"rendered":"Praktisera Life Alignment"},"content":{"rendered":"\t\t<div data-elementor-type=\"wp-page\" data-elementor-id=\"5986\" class=\"elementor elementor-5986\" data-elementor-post-type=\"page\">\n\t\t\t\t\t\t<section class=\"elementor-section elementor-top-section elementor-element elementor-element-55bb10ac elementor-section-boxed elementor-section-height-default elementor-section-height-default\" data-id=\"55bb10ac\" data-element_type=\"section\" data-settings=\"{&quot;background_background&quot;:&quot;classic&quot;}\">\n\t\t\t\t\t\t<div class=\"elementor-container elementor-column-gap-default\">\n\t\t\t\t\t<div class=\"elementor-column elementor-col-100 elementor-top-column elementor-element elementor-element-6c300561\" data-id=\"6c300561\" data-element_type=\"column\" data-settings=\"{&quot;motion_fx_motion_fx_scrolling&quot;:&quot;yes&quot;,&quot;motion_fx_devices&quot;:[&quot;desktop&quot;,&quot;tablet&quot;,&quot;mobile&quot;]}\">\n\t\t\t<div class=\"elementor-widget-wrap elementor-element-populated\">\n\t\t\t\t\t\t<div class=\"elementor-element elementor-element-aebcf04 elementor-widget elementor-widget-heading\" data-id=\"aebcf04\" data-element_type=\"widget\" data-widget_type=\"heading.default\">\n\t\t\t\t<div class=\"elementor-widget-container\">\n\t\t\t<h2 class=\"elementor-heading-title elementor-size-default\">Praktisera Life Alignment<\/h2>\t\t<\/div>\n\t\t\t\t<\/div>\n\t\t\t\t<div class=\"elementor-element elementor-element-8d509ae elementor-widget elementor-widget-image\" data-id=\"8d509ae\" data-element_type=\"widget\" data-widget_type=\"image.default\">\n\t\t\t\t<div class=\"elementor-widget-container\">\n\t\t\t\t\t\t\t\t\t\t\t\t\t<img decoding=\"async\" width=\"504\" height=\"10\" src=\"https:\/\/lifealignmentstore.com\/wp-content\/uploads\/2020\/02\/sub.png\" class=\"attachment-large size-large wp-image-694\" alt=\"\" srcset=\"https:\/\/lifealignmentstore.com\/wp-content\/uploads\/2020\/02\/sub.png 504w, https:\/\/lifealignmentstore.com\/wp-content\/uploads\/2020\/02\/sub-300x6.png 300w\" sizes=\"(max-width: 504px) 100vw, 504px\" \/>\t\t\t\t\t\t\t\t\t\t\t\t\t<\/div>\n\t\t\t\t<\/div>\n\t\t\t\t\t<\/div>\n\t\t<\/div>\n\t\t\t\t\t<\/div>\n\t\t<\/section>\n\t\t\t\t<section class=\"elementor-section elementor-top-section elementor-element elementor-element-55845f04 elementor-section-height-min-height elementor-section-boxed elementor-section-height-default elementor-section-items-middle\" data-id=\"55845f04\" data-element_type=\"section\" data-settings=\"{&quot;background_background&quot;:&quot;classic&quot;}\">\n\t\t\t\t\t\t<div class=\"elementor-container elementor-column-gap-default\">\n\t\t\t\t\t<div class=\"elementor-column elementor-col-100 elementor-top-column elementor-element elementor-element-2d38b6dd\" data-id=\"2d38b6dd\" data-element_type=\"column\">\n\t\t\t<div class=\"elementor-widget-wrap elementor-element-populated\">\n\t\t\t\t\t\t<div class=\"elementor-element elementor-element-6e3cd067 elementor-widget elementor-widget-spacer\" data-id=\"6e3cd067\" data-element_type=\"widget\" data-widget_type=\"spacer.default\">\n\t\t\t\t<div class=\"elementor-widget-container\">\n\t\t\t\t\t<div class=\"elementor-spacer\">\n\t\t\t<div class=\"elementor-spacer-inner\"><\/div>\n\t\t<\/div>\n\t\t\t\t<\/div>\n\t\t\t\t<\/div>\n\t\t\t\t\t<\/div>\n\t\t<\/div>\n\t\t\t\t\t<\/div>\n\t\t<\/section>\n\t\t\t\t<section class=\"elementor-section elementor-top-section elementor-element elementor-element-50c95329 elementor-section-boxed elementor-section-height-default elementor-section-height-default\" data-id=\"50c95329\" data-element_type=\"section\">\n\t\t\t\t\t\t<div class=\"elementor-container elementor-column-gap-default\">\n\t\t\t\t\t<div class=\"elementor-column elementor-col-100 elementor-top-column elementor-element elementor-element-717106e\" data-id=\"717106e\" data-element_type=\"column\">\n\t\t\t<div class=\"elementor-widget-wrap elementor-element-populated\">\n\t\t\t\t\t\t\t<\/div>\n\t\t<\/div>\n\t\t\t\t\t<\/div>\n\t\t<\/section>\n\t\t\t\t<section class=\"elementor-section elementor-top-section elementor-element elementor-element-ac788dd elementor-section-boxed elementor-section-height-default elementor-section-height-default\" data-id=\"ac788dd\" data-element_type=\"section\">\n\t\t\t\t\t\t<div class=\"elementor-container elementor-column-gap-default\">\n\t\t\t\t\t<div class=\"elementor-column elementor-col-100 elementor-top-column elementor-element elementor-element-6b1b0e2\" data-id=\"6b1b0e2\" data-element_type=\"column\" data-settings=\"{&quot;background_background&quot;:&quot;classic&quot;}\">\n\t\t\t<div class=\"elementor-widget-wrap elementor-element-populated\">\n\t\t\t\t\t\t<div class=\"elementor-element elementor-element-a0858c5 elementor-widget elementor-widget-text-editor\" data-id=\"a0858c5\" data-element_type=\"widget\" data-widget_type=\"text-editor.default\">\n\t\t\t\t<div class=\"elementor-widget-container\">\n\t\t\t\t\t\t\t<p class=\"p1\">Studierna och tr\u00e4ningen i Life Alignment \u00e4r en inre transformationsresa d\u00e4r du utforskar dig sj\u00e4lv f\u00f6r att \u00f6ka tilliten till din egen f\u00f6rm\u00e5ga och kraft och f\u00f6r att n\u00e5 en djupare f\u00f6rst\u00e5else och koppling till dig sj\u00e4lv och v\u00e4rlden.<\/p><p class=\"p1\">DU KAN L\u00c4RA DIG LIFE ALIGNMENT<\/p><p class=\"p1\">GENOM MODULKURSER:<\/p><p class=\"p1\">\u00b7 Grundkursen Body Spin<\/p><p class=\"p1\">\u00b7 Modul 1 och 2 f\u00f6r Life Alignment<\/p><p class=\"p1\">\u00b7 Fallstudier f\u00f6r varje modul<\/p><p class=\"p1\">\u00b7 Handledningstillf\u00e4llen<\/p><p class=\"p1\">\u00b7 Praktiska tr\u00e4ningsdagar med din Life Alignmentl\u00e4rare<\/p><p class=\"p1\">\u00b7 Slutlig bed\u00f6mning av din f\u00f6rm\u00e5ga som ut\u00f6vare<\/p><p class=\"p1\">F\u00f6r att bli en avancerad Life Alignment-terapeut finns ytterligare kurser<\/p><p class=\"p1\">och workshops tillg\u00e4ngliga, som ger dig m\u00f6jlighet att f\u00f6rdjupa och f\u00f6rfina ditt arbete.\u00a0<\/p>\t\t\t\t\t\t<\/div>\n\t\t\t\t<\/div>\n\t\t\t\t<div class=\"elementor-element elementor-element-626053b elementor-align-center elementor-widget elementor-widget-button\" data-id=\"626053b\" data-element_type=\"widget\" data-widget_type=\"button.default\">\n\t\t\t\t<div class=\"elementor-widget-container\">\n\t\t\t\t\t<div class=\"elementor-button-wrapper\">\n\t\t\t<a class=\"elementor-button elementor-button-link elementor-size-md\" href=\"https:\/\/lifealignmentstore.com\/teachers\/\">\n\t\t\t\t\t\t<span class=\"elementor-button-content-wrapper\">\n\t\t\t\t\t\t\t\t\t<span class=\"elementor-button-text\">Klicka h\u00e4r f\u00f6r mer info<\/span>\n\t\t\t\t\t<\/span>\n\t\t\t\t\t<\/a>\n\t\t<\/div>\n\t\t\t\t<\/div>\n\t\t\t\t<\/div>\n\t\t\t\t\t<\/div>\n\t\t<\/div>\n\t\t\t\t\t<\/div>\n\t\t<\/section>\n\t\t\t\t<section class=\"elementor-section elementor-top-section elementor-element elementor-element-7201eea elementor-section-boxed elementor-section-height-default elementor-section-height-default\" data-id=\"7201eea\" data-element_type=\"section\">\n\t\t\t\t\t\t<div class=\"elementor-container elementor-column-gap-default\">\n\t\t\t\t\t<div class=\"elementor-column elementor-col-100 elementor-top-column elementor-element elementor-element-e2d9493\" data-id=\"e2d9493\" data-element_type=\"column\" data-settings=\"{&quot;background_background&quot;:&quot;classic&quot;}\">\n\t\t\t<div class=\"elementor-widget-wrap elementor-element-populated\">\n\t\t\t\t\t\t<div class=\"elementor-element elementor-element-df6ad99 elementor-widget elementor-widget-text-editor\" data-id=\"df6ad99\" data-element_type=\"widget\" data-widget_type=\"text-editor.default\">\n\t\t\t\t<div class=\"elementor-widget-container\">\n\t\t\t\t\t\t\t<p class=\"p1\">GENOM STUDIER P\u00c5 LIFE ALIGNMENT-AKADEMIEN<\/p>\t\t\t\t\t\t<\/div>\n\t\t\t\t<\/div>\n\t\t\t\t<div class=\"elementor-element elementor-element-79fd644 elementor-align-center elementor-widget elementor-widget-button\" data-id=\"79fd644\" data-element_type=\"widget\" data-widget_type=\"button.default\">\n\t\t\t\t<div class=\"elementor-widget-container\">\n\t\t\t\t\t<div class=\"elementor-button-wrapper\">\n\t\t\t<a class=\"elementor-button elementor-button-link elementor-size-md\" href=\"https:\/\/lifealignmentacademy.org\/life-alignment-academy?lang=en\">\n\t\t\t\t\t\t<span class=\"elementor-button-content-wrapper\">\n\t\t\t\t\t\t\t\t\t<span class=\"elementor-button-text\">Klicka h\u00e4r f\u00f6r mer info<\/span>\n\t\t\t\t\t<\/span>\n\t\t\t\t\t<\/a>\n\t\t<\/div>\n\t\t\t\t<\/div>\n\t\t\t\t<\/div>\n\t\t\t\t\t<\/div>\n\t\t<\/div>\n\t\t\t\t\t<\/div>\n\t\t<\/section>\n\t\t\t\t<\/div>\n\t\t","protected":false},"excerpt":{"rendered":"<p>Praktisera Life Alignment Studierna och tr\u00e4ningen i Life Alignment \u00e4r en inre transformationsresa d\u00e4r du utforskar dig sj\u00e4lv f\u00f6r att \u00f6ka tilliten till din egen f\u00f6rm\u00e5ga och kraft och f\u00f6r att n\u00e5 en djupare f\u00f6rst\u00e5else och koppling till dig sj\u00e4lv och v\u00e4rlden. DU KAN L\u00c4RA DIG LIFE ALIGNMENT GENOM MODULKURSER: \u00b7 Grundkursen Body Spin \u00b7 [&hellip;]<\/p>\n","protected":false},"author":1,"featured_media":0,"parent":0,"menu_order":0,"comment_status":"closed","ping_status":"closed","template":"elementor_header_footer","meta":[],"acf":[],"yoast_head":"<!-- This site is optimized with the Yoast SEO plugin v20.11 - https:\/\/yoast.com\/wordpress\/plugins\/seo\/ -->\n<title>Praktisera Life Alignment - Life Alignment<\/title>\n<meta name=\"robots\" content=\"index, follow, max-snippet:-1, max-image-preview:large, max-video-preview:-1\" \/>\n<link rel=\"canonical\" href=\"https:\/\/lifealignmentstore.com\/sv\/praktisera-life-alignment\/\" \/>\n<meta property=\"og:locale\" content=\"sv_SE\" \/>\n<meta property=\"og:type\" content=\"article\" \/>\n<meta property=\"og:title\" content=\"Praktisera Life Alignment - Life Alignment\" \/>\n<meta property=\"og:description\" content=\"Praktisera Life Alignment Studierna och tr\u00e4ningen i Life Alignment \u00e4r en inre transformationsresa d\u00e4r du utforskar dig sj\u00e4lv f\u00f6r att \u00f6ka tilliten till din egen f\u00f6rm\u00e5ga och kraft och f\u00f6r att n\u00e5 en djupare f\u00f6rst\u00e5else och koppling till dig sj\u00e4lv och v\u00e4rlden. DU KAN L\u00c4RA DIG LIFE ALIGNMENT GENOM MODULKURSER: \u00b7 Grundkursen Body Spin \u00b7 [&hellip;]\" \/>\n<meta property=\"og:url\" content=\"https:\/\/lifealignmentstore.com\/sv\/praktisera-life-alignment\/\" \/>\n<meta property=\"og:site_name\" content=\"Life Alignment\" \/>\n<meta property=\"article:modified_time\" content=\"2023-11-26T17:56:56+00:00\" \/>\n<meta property=\"og:image\" content=\"https:\/\/lifealignmentstore.com\/wp-content\/uploads\/2020\/02\/sub.png\" \/>\n<meta name=\"twitter:card\" content=\"summary_large_image\" \/>\n<meta name=\"twitter:label1\" content=\"Ber\u00e4knad l\u00e4stid\" \/>\n\t<meta name=\"twitter:data1\" content=\"1 minut\" \/>\n<script type=\"application\/ld+json\" class=\"yoast-schema-graph\">{\"@context\":\"https:\/\/schema.org\",\"@graph\":[{\"@type\":\"WebPage\",\"@id\":\"https:\/\/lifealignmentstore.com\/sv\/praktisera-life-alignment\/\",\"url\":\"https:\/\/lifealignmentstore.com\/sv\/praktisera-life-alignment\/\",\"name\":\"Praktisera Life Alignment - Life Alignment\",\"isPartOf\":{\"@id\":\"https:\/\/lifealignmentstore.com\/#website\"},\"datePublished\":\"2023-11-26T17:53:11+00:00\",\"dateModified\":\"2023-11-26T17:56:56+00:00\",\"breadcrumb\":{\"@id\":\"https:\/\/lifealignmentstore.com\/sv\/praktisera-life-alignment\/#breadcrumb\"},\"inLanguage\":\"sv-SE\",\"potentialAction\":[{\"@type\":\"ReadAction\",\"target\":[\"https:\/\/lifealignmentstore.com\/sv\/praktisera-life-alignment\/\"]}]},{\"@type\":\"BreadcrumbList\",\"@id\":\"https:\/\/lifealignmentstore.com\/sv\/praktisera-life-alignment\/#breadcrumb\",\"itemListElement\":[{\"@type\":\"ListItem\",\"position\":1,\"name\":\"Home\",\"item\":\"https:\/\/lifealignmentstore.com\/sv\/\"},{\"@type\":\"ListItem\",\"position\":2,\"name\":\"Praktisera Life Alignment\"}]},{\"@type\":\"WebSite\",\"@id\":\"https:\/\/lifealignmentstore.com\/#website\",\"url\":\"https:\/\/lifealignmentstore.com\/\",\"name\":\"Life Alignment\",\"description\":\"\",\"publisher\":{\"@id\":\"https:\/\/lifealignmentstore.com\/#organization\"},\"potentialAction\":[{\"@type\":\"SearchAction\",\"target\":{\"@type\":\"EntryPoint\",\"urlTemplate\":\"https:\/\/lifealignmentstore.com\/?s={search_term_string}\"},\"query-input\":\"required name=search_term_string\"}],\"inLanguage\":\"sv-SE\"},{\"@type\":\"Organization\",\"@id\":\"https:\/\/lifealignmentstore.com\/#organization\",\"name\":\"Life Alignment\",\"url\":\"https:\/\/lifealignmentstore.com\/\",\"logo\":{\"@type\":\"ImageObject\",\"inLanguage\":\"sv-SE\",\"@id\":\"https:\/\/lifealignmentstore.com\/#\/schema\/logo\/image\/\",\"url\":\"https:\/\/lifealignmentstore.com\/wp-content\/uploads\/2020\/01\/LifeAlignment_Logo_2020.png\",\"contentUrl\":\"https:\/\/lifealignmentstore.com\/wp-content\/uploads\/2020\/01\/LifeAlignment_Logo_2020.png\",\"width\":2548,\"height\":675,\"caption\":\"Life Alignment\"},\"image\":{\"@id\":\"https:\/\/lifealignmentstore.com\/#\/schema\/logo\/image\/\"}}]}<\/script>\n<!-- \/ Yoast SEO plugin. -->","yoast_head_json":{"title":"Praktisera Life Alignment - Life Alignment","robots":{"index":"index","follow":"follow","max-snippet":"max-snippet:-1","max-image-preview":"max-image-preview:large","max-video-preview":"max-video-preview:-1"},"canonical":"https:\/\/lifealignmentstore.com\/sv\/praktisera-life-alignment\/","og_locale":"sv_SE","og_type":"article","og_title":"Praktisera Life Alignment - Life Alignment","og_description":"Praktisera Life Alignment Studierna och tr\u00e4ningen i Life Alignment \u00e4r en inre transformationsresa d\u00e4r du utforskar dig sj\u00e4lv f\u00f6r att \u00f6ka tilliten till din egen f\u00f6rm\u00e5ga och kraft och f\u00f6r att n\u00e5 en djupare f\u00f6rst\u00e5else och koppling till dig sj\u00e4lv och v\u00e4rlden. DU KAN L\u00c4RA DIG LIFE ALIGNMENT GENOM MODULKURSER: \u00b7 Grundkursen Body Spin \u00b7 [&hellip;]","og_url":"https:\/\/lifealignmentstore.com\/sv\/praktisera-life-alignment\/","og_site_name":"Life Alignment","article_modified_time":"2023-11-26T17:56:56+00:00","og_image":[{"url":"https:\/\/lifealignmentstore.com\/wp-content\/uploads\/2020\/02\/sub.png"}],"twitter_card":"summary_large_image","twitter_misc":{"Ber\u00e4knad l\u00e4stid":"1 minut"},"schema":{"@context":"https:\/\/schema.org","@graph":[{"@type":"WebPage","@id":"https:\/\/lifealignmentstore.com\/sv\/praktisera-life-alignment\/","url":"https:\/\/lifealignmentstore.com\/sv\/praktisera-life-alignment\/","name":"Praktisera Life Alignment - Life Alignment","isPartOf":{"@id":"https:\/\/lifealignmentstore.com\/#website"},"datePublished":"2023-11-26T17:53:11+00:00","dateModified":"2023-11-26T17:56:56+00:00","breadcrumb":{"@id":"https:\/\/lifealignmentstore.com\/sv\/praktisera-life-alignment\/#breadcrumb"},"inLanguage":"sv-SE","potentialAction":[{"@type":"ReadAction","target":["https:\/\/lifealignmentstore.com\/sv\/praktisera-life-alignment\/"]}]},{"@type":"BreadcrumbList","@id":"https:\/\/lifealignmentstore.com\/sv\/praktisera-life-alignment\/#breadcrumb","itemListElement":[{"@type":"ListItem","position":1,"name":"Home","item":"https:\/\/lifealignmentstore.com\/sv\/"},{"@type":"ListItem","position":2,"name":"Praktisera Life Alignment"}]},{"@type":"WebSite","@id":"https:\/\/lifealignmentstore.com\/#website","url":"https:\/\/lifealignmentstore.com\/","name":"Life Alignment","description":"","publisher":{"@id":"https:\/\/lifealignmentstore.com\/#organization"},"potentialAction":[{"@type":"SearchAction","target":{"@type":"EntryPoint","urlTemplate":"https:\/\/lifealignmentstore.com\/?s={search_term_string}"},"query-input":"required name=search_term_string"}],"inLanguage":"sv-SE"},{"@type":"Organization","@id":"https:\/\/lifealignmentstore.com\/#organization","name":"Life Alignment","url":"https:\/\/lifealignmentstore.com\/","logo":{"@type":"ImageObject","inLanguage":"sv-SE","@id":"https:\/\/lifealignmentstore.com\/#\/schema\/logo\/image\/","url":"https:\/\/lifealignmentstore.com\/wp-content\/uploads\/2020\/01\/LifeAlignment_Logo_2020.png","contentUrl":"https:\/\/lifealignmentstore.com\/wp-content\/uploads\/2020\/01\/LifeAlignment_Logo_2020.png","width":2548,"height":675,"caption":"Life Alignment"},"image":{"@id":"https:\/\/lifealignmentstore.com\/#\/schema\/logo\/image\/"}}]}},"_links":{"self":[{"href":"https:\/\/lifealignmentstore.com\/sv\/wp-json\/wp\/v2\/pages\/5986"}],"collection":[{"href":"https:\/\/lifealignmentstore.com\/sv\/wp-json\/wp\/v2\/pages"}],"about":[{"href":"https:\/\/lifealignmentstore.com\/sv\/wp-json\/wp\/v2\/types\/page"}],"author":[{"embeddable":true,"href":"https:\/\/lifealignmentstore.com\/sv\/wp-json\/wp\/v2\/users\/1"}],"replies":[{"embeddable":true,"href":"https:\/\/lifealignmentstore.com\/sv\/wp-json\/wp\/v2\/comments?post=5986"}],"version-history":[{"count":3,"href":"https:\/\/lifealignmentstore.com\/sv\/wp-json\/wp\/v2\/pages\/5986\/revisions"}],"predecessor-version":[{"id":5989,"href":"https:\/\/lifealignmentstore.com\/sv\/wp-json\/wp\/v2\/pages\/5986\/revisions\/5989"}],"wp:attachment":[{"href":"https:\/\/lifealignmentstore.com\/sv\/wp-json\/wp\/v2\/media?parent=5986"}],"curies":[{"name":"wp","href":"https:\/\/api.w.org\/{rel}","templated":true}]}}