{"id":6025,"date":"2023-11-26T18:28:57","date_gmt":"2023-11-26T18:28:57","guid":{"rendered":"https:\/\/lifealignmentstore.com\/contacts\/"},"modified":"2023-11-26T18:30:39","modified_gmt":"2023-11-26T18:30:39","slug":"contacts","status":"publish","type":"page","link":"https:\/\/lifealignmentstore.com\/sv\/contacts\/","title":{"rendered":"CONTACTS"},"content":{"rendered":"\t\t<div data-elementor-type=\"wp-page\" data-elementor-id=\"6025\" class=\"elementor elementor-6025\" data-elementor-post-type=\"page\">\n\t\t\t\t\t\t<section class=\"elementor-section elementor-top-section elementor-element elementor-element-55bb10ac elementor-section-boxed elementor-section-height-default elementor-section-height-default\" data-id=\"55bb10ac\" data-element_type=\"section\" data-settings=\"{&quot;background_background&quot;:&quot;classic&quot;}\">\n\t\t\t\t\t\t<div class=\"elementor-container elementor-column-gap-default\">\n\t\t\t\t\t<div class=\"elementor-column elementor-col-100 elementor-top-column elementor-element elementor-element-6c300561\" data-id=\"6c300561\" data-element_type=\"column\" data-settings=\"{&quot;motion_fx_motion_fx_scrolling&quot;:&quot;yes&quot;,&quot;motion_fx_devices&quot;:[&quot;desktop&quot;,&quot;tablet&quot;,&quot;mobile&quot;]}\">\n\t\t\t<div class=\"elementor-widget-wrap elementor-element-populated\">\n\t\t\t\t\t\t<div class=\"elementor-element elementor-element-7fc7a83f elementor-widget elementor-widget-text-editor\" data-id=\"7fc7a83f\" data-element_type=\"widget\" data-widget_type=\"text-editor.default\">\n\t\t\t\t<div class=\"elementor-widget-container\">\n\t\t\t\t\t\t\t<p class=\"p1\">Kontakta oss<\/p>\t\t\t\t\t\t<\/div>\n\t\t\t\t<\/div>\n\t\t\t\t<div class=\"elementor-element elementor-element-68cc34cb elementor-widget elementor-widget-text-editor\" data-id=\"68cc34cb\" data-element_type=\"widget\" data-widget_type=\"text-editor.default\">\n\t\t\t\t<div class=\"elementor-widget-container\">\n\t\t\t\t\t\t\t<div class=\"et_pb_text et_pb_module et_pb_bg_layout_light et_pb_text_align_left et_pb_text_1\"><div class=\"et_pb_text_inner\"><p class=\"p1\">Om du har fr\u00e5gor eller \u00f6nskem\u00e5l \u00e4r du v\u00e4lkommen att kontakta oss genom att anv\u00e4nda f\u00f6ljande formul\u00e4r.<\/p><\/div><\/div><div class=\"et_pb_text et_pb_module et_pb_bg_layout_light et_pb_text_align_left et_pb_text_2\">\u00a0<\/div>\t\t\t\t\t\t<\/div>\n\t\t\t\t<\/div>\n\t\t\t\t<div class=\"elementor-element elementor-element-39cde59 elementor-button-align-stretch elementor-widget elementor-widget-form\" data-id=\"39cde59\" data-element_type=\"widget\" data-settings=\"{&quot;step_next_label&quot;:&quot;Next&quot;,&quot;step_previous_label&quot;:&quot;Previous&quot;,&quot;button_width&quot;:&quot;100&quot;,&quot;step_type&quot;:&quot;number_text&quot;,&quot;step_icon_shape&quot;:&quot;circle&quot;}\" data-widget_type=\"form.default\">\n\t\t\t\t<div class=\"elementor-widget-container\">\n\t\t\t\t\t<form class=\"elementor-form\" method=\"post\" name=\"New Form\">\n\t\t\t<input type=\"hidden\" name=\"post_id\" value=\"6025\"\/>\n\t\t\t<input type=\"hidden\" name=\"form_id\" value=\"39cde59\"\/>\n\t\t\t<input type=\"hidden\" name=\"referer_title\" value=\"Life Alignment\" \/>\n\n\t\t\t\n\t\t\t<div class=\"elementor-form-fields-wrapper elementor-labels-above\">\n\t\t\t\t\t\t\t\t<div class=\"elementor-field-type-text elementor-field-group elementor-column elementor-field-group-name elementor-col-100\">\n\t\t\t\t\t\t\t\t\t\t\t\t<label for=\"form-field-name\" class=\"elementor-field-label\">\n\t\t\t\t\t\t\t\tNamn\t\t\t\t\t\t\t<\/label>\n\t\t\t\t\t\t\t\t\t\t\t\t\t\t<input size=\"1\" type=\"text\" name=\"form_fields[name]\" id=\"form-field-name\" class=\"elementor-field elementor-size-sm  elementor-field-textual\" placeholder=\"Namn\">\n\t\t\t\t\t\t\t\t\t\t\t<\/div>\n\t\t\t\t\t\t\t\t<div class=\"elementor-field-type-email elementor-field-group elementor-column elementor-field-group-email elementor-col-100 elementor-field-required\">\n\t\t\t\t\t\t\t\t\t\t\t\t<label for=\"form-field-email\" class=\"elementor-field-label\">\n\t\t\t\t\t\t\t\tE-post\t\t\t\t\t\t\t<\/label>\n\t\t\t\t\t\t\t\t\t\t\t\t\t\t<input size=\"1\" type=\"email\" name=\"form_fields[email]\" id=\"form-field-email\" class=\"elementor-field elementor-size-sm  elementor-field-textual\" placeholder=\"E-post\" required=\"required\" aria-required=\"true\">\n\t\t\t\t\t\t\t\t\t\t\t<\/div>\n\t\t\t\t\t\t\t\t<div class=\"elementor-field-type-textarea elementor-field-group elementor-column elementor-field-group-message elementor-col-100\">\n\t\t\t\t\t\t\t\t\t\t\t\t<label for=\"form-field-message\" class=\"elementor-field-label\">\n\t\t\t\t\t\t\t\tMeddelande\t\t\t\t\t\t\t<\/label>\n\t\t\t\t\t\t<textarea class=\"elementor-field-textual elementor-field  elementor-size-sm\" name=\"form_fields[message]\" id=\"form-field-message\" rows=\"4\" placeholder=\"Meddelande\"><\/textarea>\t\t\t\t<\/div>\n\t\t\t\t\t\t\t\t<div class=\"elementor-field-group elementor-column elementor-field-type-submit elementor-col-100 e-form__buttons\">\n\t\t\t\t\t<button type=\"submit\" class=\"elementor-button elementor-size-sm\">\n\t\t\t\t\t\t<span >\n\t\t\t\t\t\t\t\t\t\t\t\t\t\t\t<span class=\" elementor-button-icon\">\n\t\t\t\t\t\t\t\t\t\t\t\t\t\t\t\t\t\t\t\t\t\t\t\t\t\t<\/span>\n\t\t\t\t\t\t\t\t\t\t\t\t\t\t\t\t\t\t\t\t\t\t<span class=\"elementor-button-text\">Skicka<\/span>\n\t\t\t\t\t\t\t\t\t\t\t\t\t<\/span>\n\t\t\t\t\t<\/button>\n\t\t\t\t<\/div>\n\t\t\t<\/div>\n\t\t<\/form>\n\t\t\t\t<\/div>\n\t\t\t\t<\/div>\n\t\t\t\t\t<\/div>\n\t\t<\/div>\n\t\t\t\t\t<\/div>\n\t\t<\/section>\n\t\t\t\t<\/div>\n\t\t","protected":false},"excerpt":{"rendered":"<p>Kontakta oss Om du har fr\u00e5gor eller \u00f6nskem\u00e5l \u00e4r du v\u00e4lkommen att kontakta oss genom att anv\u00e4nda f\u00f6ljande formul\u00e4r. \u00a0<\/p>\n","protected":false},"author":1,"featured_media":0,"parent":0,"menu_order":0,"comment_status":"closed","ping_status":"closed","template":"elementor_header_footer","meta":[],"acf":[],"yoast_head":"<!-- This site is optimized with the Yoast SEO plugin v20.11 - https:\/\/yoast.com\/wordpress\/plugins\/seo\/ -->\n<title>CONTACTS - Life Alignment<\/title>\n<meta name=\"robots\" content=\"index, follow, max-snippet:-1, max-image-preview:large, max-video-preview:-1\" \/>\n<link rel=\"canonical\" href=\"https:\/\/lifealignmentstore.com\/sv\/contacts\/\" \/>\n<meta property=\"og:locale\" content=\"sv_SE\" \/>\n<meta property=\"og:type\" content=\"article\" \/>\n<meta property=\"og:title\" content=\"CONTACTS - Life Alignment\" \/>\n<meta property=\"og:description\" content=\"Kontakta oss Om du har fr\u00e5gor eller \u00f6nskem\u00e5l \u00e4r du v\u00e4lkommen att kontakta oss genom att anv\u00e4nda f\u00f6ljande formul\u00e4r. \u00a0\" \/>\n<meta property=\"og:url\" content=\"https:\/\/lifealignmentstore.com\/sv\/contacts\/\" \/>\n<meta property=\"og:site_name\" content=\"Life Alignment\" \/>\n<meta property=\"article:modified_time\" content=\"2023-11-26T18:30:39+00:00\" \/>\n<meta name=\"twitter:card\" content=\"summary_large_image\" \/>\n<meta name=\"twitter:label1\" content=\"Ber\u00e4knad l\u00e4stid\" \/>\n\t<meta name=\"twitter:data1\" content=\"1 minut\" \/>\n<script type=\"application\/ld+json\" class=\"yoast-schema-graph\">{\"@context\":\"https:\/\/schema.org\",\"@graph\":[{\"@type\":\"WebPage\",\"@id\":\"https:\/\/lifealignmentstore.com\/sv\/contacts\/\",\"url\":\"https:\/\/lifealignmentstore.com\/sv\/contacts\/\",\"name\":\"CONTACTS - Life Alignment\",\"isPartOf\":{\"@id\":\"https:\/\/lifealignmentstore.com\/#website\"},\"datePublished\":\"2023-11-26T18:28:57+00:00\",\"dateModified\":\"2023-11-26T18:30:39+00:00\",\"breadcrumb\":{\"@id\":\"https:\/\/lifealignmentstore.com\/sv\/contacts\/#breadcrumb\"},\"inLanguage\":\"sv-SE\",\"potentialAction\":[{\"@type\":\"ReadAction\",\"target\":[\"https:\/\/lifealignmentstore.com\/sv\/contacts\/\"]}]},{\"@type\":\"BreadcrumbList\",\"@id\":\"https:\/\/lifealignmentstore.com\/sv\/contacts\/#breadcrumb\",\"itemListElement\":[{\"@type\":\"ListItem\",\"position\":1,\"name\":\"Home\",\"item\":\"https:\/\/lifealignmentstore.com\/sv\/\"},{\"@type\":\"ListItem\",\"position\":2,\"name\":\"CONTACTS\"}]},{\"@type\":\"WebSite\",\"@id\":\"https:\/\/lifealignmentstore.com\/#website\",\"url\":\"https:\/\/lifealignmentstore.com\/\",\"name\":\"Life Alignment\",\"description\":\"\",\"publisher\":{\"@id\":\"https:\/\/lifealignmentstore.com\/#organization\"},\"potentialAction\":[{\"@type\":\"SearchAction\",\"target\":{\"@type\":\"EntryPoint\",\"urlTemplate\":\"https:\/\/lifealignmentstore.com\/?s={search_term_string}\"},\"query-input\":\"required name=search_term_string\"}],\"inLanguage\":\"sv-SE\"},{\"@type\":\"Organization\",\"@id\":\"https:\/\/lifealignmentstore.com\/#organization\",\"name\":\"Life Alignment\",\"url\":\"https:\/\/lifealignmentstore.com\/\",\"logo\":{\"@type\":\"ImageObject\",\"inLanguage\":\"sv-SE\",\"@id\":\"https:\/\/lifealignmentstore.com\/#\/schema\/logo\/image\/\",\"url\":\"https:\/\/lifealignmentstore.com\/wp-content\/uploads\/2020\/01\/LifeAlignment_Logo_2020.png\",\"contentUrl\":\"https:\/\/lifealignmentstore.com\/wp-content\/uploads\/2020\/01\/LifeAlignment_Logo_2020.png\",\"width\":2548,\"height\":675,\"caption\":\"Life Alignment\"},\"image\":{\"@id\":\"https:\/\/lifealignmentstore.com\/#\/schema\/logo\/image\/\"}}]}<\/script>\n<!-- \/ Yoast SEO plugin. -->","yoast_head_json":{"title":"CONTACTS - Life Alignment","robots":{"index":"index","follow":"follow","max-snippet":"max-snippet:-1","max-image-preview":"max-image-preview:large","max-video-preview":"max-video-preview:-1"},"canonical":"https:\/\/lifealignmentstore.com\/sv\/contacts\/","og_locale":"sv_SE","og_type":"article","og_title":"CONTACTS - Life Alignment","og_description":"Kontakta oss Om du har fr\u00e5gor eller \u00f6nskem\u00e5l \u00e4r du v\u00e4lkommen att kontakta oss genom att anv\u00e4nda f\u00f6ljande formul\u00e4r. \u00a0","og_url":"https:\/\/lifealignmentstore.com\/sv\/contacts\/","og_site_name":"Life Alignment","article_modified_time":"2023-11-26T18:30:39+00:00","twitter_card":"summary_large_image","twitter_misc":{"Ber\u00e4knad l\u00e4stid":"1 minut"},"schema":{"@context":"https:\/\/schema.org","@graph":[{"@type":"WebPage","@id":"https:\/\/lifealignmentstore.com\/sv\/contacts\/","url":"https:\/\/lifealignmentstore.com\/sv\/contacts\/","name":"CONTACTS - Life Alignment","isPartOf":{"@id":"https:\/\/lifealignmentstore.com\/#website"},"datePublished":"2023-11-26T18:28:57+00:00","dateModified":"2023-11-26T18:30:39+00:00","breadcrumb":{"@id":"https:\/\/lifealignmentstore.com\/sv\/contacts\/#breadcrumb"},"inLanguage":"sv-SE","potentialAction":[{"@type":"ReadAction","target":["https:\/\/lifealignmentstore.com\/sv\/contacts\/"]}]},{"@type":"BreadcrumbList","@id":"https:\/\/lifealignmentstore.com\/sv\/contacts\/#breadcrumb","itemListElement":[{"@type":"ListItem","position":1,"name":"Home","item":"https:\/\/lifealignmentstore.com\/sv\/"},{"@type":"ListItem","position":2,"name":"CONTACTS"}]},{"@type":"WebSite","@id":"https:\/\/lifealignmentstore.com\/#website","url":"https:\/\/lifealignmentstore.com\/","name":"Life Alignment","description":"","publisher":{"@id":"https:\/\/lifealignmentstore.com\/#organization"},"potentialAction":[{"@type":"SearchAction","target":{"@type":"EntryPoint","urlTemplate":"https:\/\/lifealignmentstore.com\/?s={search_term_string}"},"query-input":"required name=search_term_string"}],"inLanguage":"sv-SE"},{"@type":"Organization","@id":"https:\/\/lifealignmentstore.com\/#organization","name":"Life Alignment","url":"https:\/\/lifealignmentstore.com\/","logo":{"@type":"ImageObject","inLanguage":"sv-SE","@id":"https:\/\/lifealignmentstore.com\/#\/schema\/logo\/image\/","url":"https:\/\/lifealignmentstore.com\/wp-content\/uploads\/2020\/01\/LifeAlignment_Logo_2020.png","contentUrl":"https:\/\/lifealignmentstore.com\/wp-content\/uploads\/2020\/01\/LifeAlignment_Logo_2020.png","width":2548,"height":675,"caption":"Life Alignment"},"image":{"@id":"https:\/\/lifealignmentstore.com\/#\/schema\/logo\/image\/"}}]}},"_links":{"self":[{"href":"https:\/\/lifealignmentstore.com\/sv\/wp-json\/wp\/v2\/pages\/6025"}],"collection":[{"href":"https:\/\/lifealignmentstore.com\/sv\/wp-json\/wp\/v2\/pages"}],"about":[{"href":"https:\/\/lifealignmentstore.com\/sv\/wp-json\/wp\/v2\/types\/page"}],"author":[{"embeddable":true,"href":"https:\/\/lifealignmentstore.com\/sv\/wp-json\/wp\/v2\/users\/1"}],"replies":[{"embeddable":true,"href":"https:\/\/lifealignmentstore.com\/sv\/wp-json\/wp\/v2\/comments?post=6025"}],"version-history":[{"count":3,"href":"https:\/\/lifealignmentstore.com\/sv\/wp-json\/wp\/v2\/pages\/6025\/revisions"}],"predecessor-version":[{"id":6028,"href":"https:\/\/lifealignmentstore.com\/sv\/wp-json\/wp\/v2\/pages\/6025\/revisions\/6028"}],"wp:attachment":[{"href":"https:\/\/lifealignmentstore.com\/sv\/wp-json\/wp\/v2\/media?parent=6025"}],"curies":[{"name":"wp","href":"https:\/\/api.w.org\/{rel}","templated":true}]}}